{"id":23352,"date":"2025-10-07T14:52:49","date_gmt":"2025-10-07T12:52:49","guid":{"rendered":"https:\/\/marathondelarochelle.com\/?page_id=23352"},"modified":"2025-11-20T14:45:08","modified_gmt":"2025-11-20T13:45:08","slug":"plan-village","status":"publish","type":"page","link":"https:\/\/marathondelarochelle.com\/en\/plan-village\/","title":{"rendered":"Plan Village"},"content":{"rendered":"\t\t<div data-elementor-type=\"wp-page\" data-elementor-id=\"23352\" class=\"elementor elementor-23352\" data-elementor-post-type=\"page\">\n\t\t\t\t\t\t<section class=\"elementor-section elementor-top-section elementor-element elementor-element-5d36f4a1 elementor-section-boxed elementor-section-height-default elementor-section-height-default\" data-id=\"5d36f4a1\" data-element_type=\"section\" data-e-type=\"section\" data-settings=\"{&quot;jet_parallax_layout_list&quot;:[{&quot;jet_parallax_layout_image&quot;:{&quot;url&quot;:&quot;&quot;,&quot;id&quot;:&quot;&quot;,&quot;size&quot;:&quot;&quot;},&quot;_id&quot;:&quot;ff29bab&quot;,&quot;jet_parallax_layout_image_tablet&quot;:{&quot;url&quot;:&quot;&quot;,&quot;id&quot;:&quot;&quot;,&quot;size&quot;:&quot;&quot;},&quot;jet_parallax_layout_image_mobile&quot;:{&quot;url&quot;:&quot;&quot;,&quot;id&quot;:&quot;&quot;,&quot;size&quot;:&quot;&quot;},&quot;jet_parallax_layout_speed&quot;:{&quot;unit&quot;:&quot;%&quot;,&quot;size&quot;:50,&quot;sizes&quot;:[]},&quot;jet_parallax_layout_type&quot;:&quot;scroll&quot;,&quot;jet_parallax_layout_direction&quot;:&quot;1&quot;,&quot;jet_parallax_layout_fx_direction&quot;:null,&quot;jet_parallax_layout_z_index&quot;:&quot;&quot;,&quot;jet_parallax_layout_bg_x&quot;:50,&quot;jet_parallax_layout_bg_x_tablet&quot;:&quot;&quot;,&quot;jet_parallax_layout_bg_x_mobile&quot;:&quot;&quot;,&quot;jet_parallax_layout_bg_y&quot;:50,&quot;jet_parallax_layout_bg_y_tablet&quot;:&quot;&quot;,&quot;jet_parallax_layout_bg_y_mobile&quot;:&quot;&quot;,&quot;jet_parallax_layout_bg_size&quot;:&quot;auto&quot;,&quot;jet_parallax_layout_bg_size_tablet&quot;:&quot;&quot;,&quot;jet_parallax_layout_bg_size_mobile&quot;:&quot;&quot;,&quot;jet_parallax_layout_animation_prop&quot;:&quot;transform&quot;,&quot;jet_parallax_layout_on&quot;:[&quot;desktop&quot;,&quot;tablet&quot;]}]}\">\n\t\t\t\t\t\t<div class=\"elementor-container elementor-column-gap-default\">\n\t\t\t\t\t<div class=\"elementor-column elementor-col-100 elementor-top-column elementor-element elementor-element-66840cab\" data-id=\"66840cab\" data-element_type=\"column\" data-e-type=\"column\">\n\t\t\t<div class=\"elementor-widget-wrap elementor-element-populated\">\n\t\t\t\t\t\t<div class=\"elementor-element elementor-element-47f6821b elementor-widget elementor-widget-heading\" data-id=\"47f6821b\" data-element_type=\"widget\" data-e-type=\"widget\" data-widget_type=\"heading.default\">\n\t\t\t\t<div class=\"elementor-widget-container\">\n\t\t\t\t\t<h2 class=\"elementor-heading-title elementor-size-default\">PLAN DU VILLAGE MARATHON<\/h2>\t\t\t\t<\/div>\n\t\t\t\t<\/div>\n\t\t\t\t<div class=\"elementor-element elementor-element-5bd8a370 elementor-widget elementor-widget-text-editor\" data-id=\"5bd8a370\" data-element_type=\"widget\" data-e-type=\"widget\" data-widget_type=\"text-editor.default\">\n\t\t\t\t<div class=\"elementor-widget-container\">\n\t\t\t\t\t\t\t\t\t<h6>D\u00e9couvrez ci-dessous le plan du Village Marathon et de la zone de Retrait des Dossards ! <span style=\"text-decoration: underline;\">Survolez une zone avec votre souris pour afficher les d\u00e9tails<\/span>.<\/h6><p>Le menu en haut \u00e0 droite vous permet \u00e9galement de mettre en \u00e9vidence les diff\u00e9rents types de stands et de changer de plan !<\/p>\t\t\t\t\t\t\t\t<\/div>\n\t\t\t\t<\/div>\n\t\t<div class=\"elementor-element elementor-element-964d8a6 e-flex e-con-boxed e-con e-parent\" data-id=\"964d8a6\" data-element_type=\"container\" data-e-type=\"container\" data-settings=\"{&quot;jet_parallax_layout_list&quot;:[]}\">\n\t\t\t\t\t<div class=\"e-con-inner\">\n\t\t\t\t<div class=\"elementor-element elementor-element-b7f1c64 elementor-widget elementor-widget-shortcode\" data-id=\"b7f1c64\" data-element_type=\"widget\" data-e-type=\"widget\" data-widget_type=\"shortcode.default\">\n\t\t\t\t<div class=\"elementor-widget-container\">\n\t\t\t\t\t\t\t<div class=\"elementor-shortcode\"><div><div id=\"image-map-pro-74d635c8-81d0-4858-8d01-404980a0a243\"><\/div><\/div><\/div>\n\t\t\t\t\t\t<\/div>\n\t\t\t\t<\/div>\n\t\t\t\t<div class=\"elementor-element elementor-element-8e28cf6 elementor-widget elementor-widget-html\" data-id=\"8e28cf6\" data-element_type=\"widget\" data-e-type=\"widget\" data-widget_type=\"html.default\">\n\t\t\t\t<div class=\"elementor-widget-container\">\n\t\t\t\t\t<div data-imp-detached-menu=\"Village Marathon\"><\/div>\t\t\t\t<\/div>\n\t\t\t\t<\/div>\n\t\t\t\t\t<\/div>\n\t\t\t\t<\/div>\n\t\t\t\t\t<\/div>\n\t\t<\/div>\n\t\t\t\t\t<\/div>\n\t\t<\/section>\n\t\t\t\t<\/div>\n\t\t","protected":false},"excerpt":{"rendered":"<p>PLAN DU VILLAGE MARATHON D\u00e9couvrez ci-dessous le plan du Village Marathon et de la zone de Retrait des Dossards ! Survolez une zone avec votre souris pour afficher les d\u00e9tails. Le menu en haut \u00e0 droite vous permet \u00e9galement de mettre en \u00e9vidence les diff\u00e9rents types de stands et de changer de plan !<\/p>","protected":false},"author":8,"featured_media":0,"parent":0,"menu_order":0,"comment_status":"closed","ping_status":"closed","template":"","meta":{"footnotes":""},"categories":[],"tags":[],"class_list":["post-23352","page","type-page","status-publish","hentry"],"featured_image_src":null,"_links":{"self":[{"href":"https:\/\/marathondelarochelle.com\/en\/wp-json\/wp\/v2\/pages\/23352","targetHints":{"allow":["GET"]}}],"collection":[{"href":"https:\/\/marathondelarochelle.com\/en\/wp-json\/wp\/v2\/pages"}],"about":[{"href":"https:\/\/marathondelarochelle.com\/en\/wp-json\/wp\/v2\/types\/page"}],"author":[{"embeddable":true,"href":"https:\/\/marathondelarochelle.com\/en\/wp-json\/wp\/v2\/users\/8"}],"replies":[{"embeddable":true,"href":"https:\/\/marathondelarochelle.com\/en\/wp-json\/wp\/v2\/comments?post=23352"}],"version-history":[{"count":43,"href":"https:\/\/marathondelarochelle.com\/en\/wp-json\/wp\/v2\/pages\/23352\/revisions"}],"predecessor-version":[{"id":23756,"href":"https:\/\/marathondelarochelle.com\/en\/wp-json\/wp\/v2\/pages\/23352\/revisions\/23756"}],"wp:attachment":[{"href":"https:\/\/marathondelarochelle.com\/en\/wp-json\/wp\/v2\/media?parent=23352"}],"wp:term":[{"taxonomy":"category","embeddable":true,"href":"https:\/\/marathondelarochelle.com\/en\/wp-json\/wp\/v2\/categories?post=23352"},{"taxonomy":"post_tag","embeddable":true,"href":"https:\/\/marathondelarochelle.com\/en\/wp-json\/wp\/v2\/tags?post=23352"}],"curies":[{"name":"wp","href":"https:\/\/api.w.org\/{rel}","templated":true}]}}