{"id":20767,"date":"2024-11-18T14:49:53","date_gmt":"2024-11-18T13:49:53","guid":{"rendered":"https:\/\/marathondelarochelle.com\/?page_id=20767"},"modified":"2026-02-28T15:39:38","modified_gmt":"2026-02-28T14:39:38","slug":"navettes-pr","status":"publish","type":"page","link":"https:\/\/marathondelarochelle.com\/en\/navettes-pr\/","title":{"rendered":"Navettes P+R"},"content":{"rendered":"<div data-elementor-type=\"wp-page\" data-elementor-id=\"20767\" class=\"elementor elementor-20767\" data-elementor-post-type=\"page\">\n\t\t\t\t<div class=\"elementor-element elementor-element-ab8503c e-flex e-con-boxed e-con e-parent\" data-id=\"ab8503c\" data-element_type=\"container\" data-e-type=\"container\" data-settings=\"{&quot;background_background&quot;:&quot;classic&quot;,&quot;jet_parallax_layout_list&quot;:[],&quot;position&quot;:&quot;fixed&quot;}\">\n\t\t\t\t\t<div class=\"e-con-inner\">\n\t\t\t\t<div class=\"elementor-element elementor-element-61ebc5e elementor-widget elementor-widget-image\" data-id=\"61ebc5e\" data-element_type=\"widget\" data-e-type=\"widget\" data-widget_type=\"image.default\">\n\t\t\t\t<div class=\"elementor-widget-container\">\n\t\t\t\t\t\t\t\t\t\t\t\t\t\t\t<img fetchpriority=\"high\" decoding=\"async\" width=\"300\" height=\"300\" src=\"https:\/\/marathondelarochelle.com\/wp-content\/uploads\/2026\/02\/35-marathon-2.png\" class=\"attachment-large size-large wp-image-24860\" alt=\"\" srcset=\"https:\/\/marathondelarochelle.com\/wp-content\/uploads\/2026\/02\/35-marathon-2.png 300w, https:\/\/marathondelarochelle.com\/wp-content\/uploads\/2026\/02\/35-marathon-2-150x150.png 150w, https:\/\/marathondelarochelle.com\/wp-content\/uploads\/2026\/02\/35-marathon-2-12x12.png 12w, https:\/\/marathondelarochelle.com\/wp-content\/uploads\/2026\/02\/35-marathon-2-230x230.png 230w\" sizes=\"(max-width: 300px) 100vw, 300px\" \/>\t\t\t\t\t\t\t\t\t\t\t\t\t\t\t<\/div>\n\t\t\t\t<\/div>\n\t\t\t\t\t<\/div>\n\t\t\t\t<\/div>\n\t\t<div class=\"elementor-element elementor-element-32d2590 e-con-full e-flex e-con e-parent\" data-id=\"32d2590\" data-element_type=\"container\" data-e-type=\"container\" data-settings=\"{&quot;background_background&quot;:&quot;classic&quot;,&quot;jet_parallax_layout_list&quot;:[]}\">\n\t\t<div class=\"elementor-element elementor-element-5f835fd e-con-full e-flex e-con e-child\" data-id=\"5f835fd\" data-element_type=\"container\" data-e-type=\"container\" data-settings=\"{&quot;jet_parallax_layout_list&quot;:[]}\">\n\t\t\t\t<div class=\"elementor-element elementor-element-a830ea7 elementor-widget elementor-widget-heading\" data-id=\"a830ea7\" data-element_type=\"widget\" data-e-type=\"widget\" data-widget_type=\"heading.default\">\n\t\t\t\t<div class=\"elementor-widget-container\">\n\t\t\t\t\t<h2 class=\"elementor-heading-title elementor-size-default\">Nevettes P+R<\/h2>\t\t\t\t<\/div>\n\t\t\t\t<\/div>\n\t\t\t\t<\/div>\n\t\t\t\t<\/div>\n\t\t\t\t<section class=\"elementor-section elementor-top-section elementor-element elementor-element-a1b0344 elementor-section-boxed elementor-section-height-default elementor-section-height-default\" data-id=\"a1b0344\" data-element_type=\"section\" data-e-type=\"section\" data-settings=\"{&quot;jet_parallax_layout_list&quot;:[],&quot;background_background&quot;:&quot;classic&quot;}\">\n\t\t\t\t\t\t<div class=\"elementor-container elementor-column-gap-default\">\n\t\t\t\t\t<div class=\"elementor-column elementor-col-100 elementor-top-column elementor-element elementor-element-c489d8a\" data-id=\"c489d8a\" data-element_type=\"column\" data-e-type=\"column\">\n\t\t\t<div class=\"elementor-widget-wrap elementor-element-populated\">\n\t\t\t\t\t\t<section class=\"elementor-section elementor-inner-section elementor-element elementor-element-a3d5b9e elementor-section-boxed elementor-section-height-default elementor-section-height-default\" data-id=\"a3d5b9e\" data-element_type=\"section\" data-e-type=\"section\" data-settings=\"{&quot;jet_parallax_layout_list&quot;:[]}\">\n\t\t\t\t\t\t<div class=\"elementor-container elementor-column-gap-default\">\n\t\t\t\t\t<div class=\"elementor-column elementor-col-50 elementor-inner-column elementor-element elementor-element-8e8d4b8\" data-id=\"8e8d4b8\" data-element_type=\"column\" data-e-type=\"column\">\n\t\t\t<div class=\"elementor-widget-wrap elementor-element-populated\">\n\t\t\t\t\t\t<div class=\"elementor-element elementor-element-37da823 elementor-widget elementor-widget-image\" data-id=\"37da823\" data-element_type=\"widget\" data-e-type=\"widget\" data-widget_type=\"image.default\">\n\t\t\t\t<div class=\"elementor-widget-container\">\n\t\t\t\t\t\t\t\t\t\t\t\t\t\t\t<img decoding=\"async\" width=\"1024\" height=\"576\" src=\"https:\/\/marathondelarochelle.com\/wp-content\/uploads\/2024\/11\/Navette-PR-1024x576.png\" class=\"attachment-large size-large wp-image-20766\" alt=\"\" srcset=\"https:\/\/marathondelarochelle.com\/wp-content\/uploads\/2024\/11\/Navette-PR-1024x576.png 1024w, https:\/\/marathondelarochelle.com\/wp-content\/uploads\/2024\/11\/Navette-PR-300x169.png 300w, https:\/\/marathondelarochelle.com\/wp-content\/uploads\/2024\/11\/Navette-PR-768x432.png 768w, https:\/\/marathondelarochelle.com\/wp-content\/uploads\/2024\/11\/Navette-PR-1536x864.png 1536w, https:\/\/marathondelarochelle.com\/wp-content\/uploads\/2024\/11\/Navette-PR-18x10.png 18w, https:\/\/marathondelarochelle.com\/wp-content\/uploads\/2024\/11\/Navette-PR-150x85.png 150w, https:\/\/marathondelarochelle.com\/wp-content\/uploads\/2024\/11\/Navette-PR-600x338.png 600w, https:\/\/marathondelarochelle.com\/wp-content\/uploads\/2024\/11\/Navette-PR.png 1920w\" sizes=\"(max-width: 1024px) 100vw, 1024px\" \/>\t\t\t\t\t\t\t\t\t\t\t\t\t\t\t<\/div>\n\t\t\t\t<\/div>\n\t\t\t\t\t<\/div>\n\t\t<\/div>\n\t\t\t\t<div class=\"elementor-column elementor-col-50 elementor-inner-column elementor-element elementor-element-f6a2e10\" data-id=\"f6a2e10\" data-element_type=\"column\" data-e-type=\"column\">\n\t\t\t<div class=\"elementor-widget-wrap elementor-element-populated\">\n\t\t\t\t\t\t<div class=\"elementor-element elementor-element-bf7cd6f elementor-widget elementor-widget-text-editor\" data-id=\"bf7cd6f\" data-element_type=\"widget\" data-e-type=\"widget\" data-widget_type=\"text-editor.default\">\n\t\t\t\t<div class=\"elementor-widget-container\">\n\t\t\t\t\t\t\t\t\t<p><span style=\"text-decoration: underline;\"><strong>Nouveaut\u00e9 2024<\/strong><\/span> : Dans le cadre de notre d\u00e9marche pour un Marathon \u00c9co Responsable, nous avons mis en place, en partenariat avec la CDA transport, trois navettes marathon au d\u00e9part de parkings-relais de 7h \u00e0 8h45 environ (arriv\u00e9es en centre-ville), et de 11h30 \u00e0 15h30 (d\u00e9part du centre-ville) :<br class=\"html-br\" \/>&#8211; <span style=\"text-decoration: underline;\">Navette marathon NORD<\/span> : liaison directe en 10\u2019 entre le P+R Illico Greffi\u00e8res et la Place de Verdun (\u00e0 500m du d\u00e9part 10km et \u00e0 600m des d\u00e9parts Marathon, Duo et Challenge Entreprises + \u00e0 800m de la zone d\u2019arriv\u00e9e) toutes les 13 \u00e0 15\u2019, via le P+R Illico Vieljeux, la piscine Lucien Maylin et le parking de l\u2019esplanade des Parcs.<br class=\"html-br\" \/>&#8211; <span style=\"text-decoration: underline;\">Navette marathon NORD-EST<\/span> : liaison directe en 17\u2019 entre la zone commerciale de Beaulieu (arr\u00eat \u00ab Espace Commercial \u00bb) et la Place de Verdun (\u00e0 500m du d\u00e9part 10km et \u00e0 600m des d\u00e9parts Marathon, Duo et Challenge Entreprises + \u00e0 800m de la zone d\u2019arriv\u00e9e) toutes les 20 \u00e0 22\u2019, via le bd Sautel (parking du magasin Leclerc), la piscine Lucien Maylin et le parking de l\u2019esplanade des Parcs<br class=\"html-br\" \/>&#8211; <span style=\"text-decoration: underline;\">Navette marathon SUD-EST<\/span> : liaison directe en 5\u2019 entre le P+R Simone Veil et la gare routi\u00e8re du Marais de Tasdon (\u00e0 2km du d\u00e9part 10km et \u00e0 900m des d\u00e9parts Marathon, Duo et Challenge Entreprises + \u00e0 1500m de la zone d\u2019arriv\u00e9e) situ\u00e9e au sud de la gare et au pied du pont Jean Moulin et de la passerelle Jos\u00e9phine Backer<br class=\"html-br\" \/>Ces navettes sont accessibles \u00e0 la tarification Y\u00e9lo habituelle (ticket unitaire 1,50\u20ac avec paiement par CB possible \u00e0 bord des bus jusqu\u2019\u00e0 5 personnes). Tous les titres occasionnels Y\u00e9lo sont disponibles depuis l\u2019application mobile Y\u00e9lo, et en particulier le pass Tribu \u00e0 5\u20ac valable 1 journ\u00e9e pour 1 \u00e0 5 personnes.<br class=\"html-br\" \/><br class=\"html-br\" \/>En raison du parcours du marathon, les lignes r\u00e9guli\u00e8res Y\u00e9lo D1 \u00e0 D5 seront d\u00e9vi\u00e9es de 8h \u00e0 17h.<br class=\"html-br\" \/>En particulier, les quartiers de Port-Neuf, du Mail, de la Genette, du centre-ville (\u00e0 l\u2019exception de la Place de Verdun), et des Minimes ne seront pas desservis. Pour plus d\u2019informations sur les itin\u00e9raires de d\u00e9viation et les arr\u00eats de report, consultez les infos trafic (\u00e0 partir du 20\/11) sur le site\u00a0<span class=\"html-span xdj266r x11i5rnm xat24cr x1mh8g0r xexx8yu x4uap5 x18d9i69 xkhd6sd x1hl2dhg x16tdsg8 x1vvkbs\"><a class=\"x1i10hfl xjbqb8w x1ejq31n xd10rxx x1sy0etr x17r0tee x972fbf xcfux6l x1qhh985 xm0m39n x9f619 x1ypdohk xt0psk2 xe8uvvx xdj266r x11i5rnm xat24cr x1mh8g0r xexx8yu x4uap5 x18d9i69 xkhd6sd x16tdsg8 x1hl2dhg xggy1nq x1a2a7pz x1sur9pj xkrqix3 x1fey0fg\" tabindex=\"0\" role=\"link\" href=\"https:\/\/yelo.agglo-larochelle.fr\/\" target=\"_blank\" rel=\"nofollow noopener noreferrer\">https:\/\/yelo.agglo-larochelle.fr\/<\/a><\/span><\/p>\t\t\t\t\t\t\t\t<\/div>\n\t\t\t\t<\/div>\n\t\t\t\t\t<\/div>\n\t\t<\/div>\n\t\t\t\t\t<\/div>\n\t\t<\/section>\n\t\t\t\t\t<\/div>\n\t\t<\/div>\n\t\t\t\t\t<\/div>\n\t\t<\/section>\n\t\t\t\t<section class=\"elementor-section elementor-top-section elementor-element elementor-element-c12f4a1 elementor-section-boxed elementor-section-height-default elementor-section-height-default\" data-id=\"c12f4a1\" data-element_type=\"section\" data-e-type=\"section\" data-settings=\"{&quot;jet_parallax_layout_list&quot;:[],&quot;background_background&quot;:&quot;classic&quot;}\">\n\t\t\t\t\t\t<div class=\"elementor-container elementor-column-gap-default\">\n\t\t\t\t\t<div class=\"elementor-column elementor-col-100 elementor-top-column elementor-element elementor-element-442c654\" data-id=\"442c654\" data-element_type=\"column\" data-e-type=\"column\">\n\t\t\t<div class=\"elementor-widget-wrap elementor-element-populated\">\n\t\t\t\t\t\t<section class=\"elementor-section elementor-inner-section elementor-element elementor-element-7424930 elementor-section-boxed elementor-section-height-default elementor-section-height-default\" data-id=\"7424930\" data-element_type=\"section\" data-e-type=\"section\" data-settings=\"{&quot;jet_parallax_layout_list&quot;:[]}\">\n\t\t\t\t\t\t<div class=\"elementor-container elementor-column-gap-default\">\n\t\t\t\t\t<div class=\"elementor-column elementor-col-100 elementor-inner-column elementor-element elementor-element-010f532\" data-id=\"010f532\" data-element_type=\"column\" data-e-type=\"column\">\n\t\t\t<div class=\"elementor-widget-wrap\">\n\t\t\t\t\t\t\t<\/div>\n\t\t<\/div>\n\t\t\t\t\t<\/div>\n\t\t<\/section>\n\t\t\t\t\t<\/div>\n\t\t<\/div>\n\t\t\t\t\t<\/div>\n\t\t<\/section>\n\t\t\t\t<\/div>","protected":false},"excerpt":{"rendered":"<p>Nevettes P+R Nouveaut\u00e9 2024 : Dans le cadre de notre d\u00e9marche pour un Marathon \u00c9co Responsable, nous avons mis en place, en partenariat avec la CDA transport, trois navettes marathon au d\u00e9part de parkings-relais de 7h \u00e0 8h45 environ (arriv\u00e9es en centre-ville), et de 11h30 \u00e0 15h30 (d\u00e9part du centre-ville) :&#8211; Navette marathon NORD : [&hellip;]<\/p>\n","protected":false},"author":8,"featured_media":0,"parent":0,"menu_order":0,"comment_status":"closed","ping_status":"closed","template":"elementor_header_footer","meta":{"footnotes":""},"categories":[],"tags":[],"class_list":["post-20767","page","type-page","status-publish","hentry"],"featured_image_src":null,"_links":{"self":[{"href":"https:\/\/marathondelarochelle.com\/en\/wp-json\/wp\/v2\/pages\/20767","targetHints":{"allow":["GET"]}}],"collection":[{"href":"https:\/\/marathondelarochelle.com\/en\/wp-json\/wp\/v2\/pages"}],"about":[{"href":"https:\/\/marathondelarochelle.com\/en\/wp-json\/wp\/v2\/types\/page"}],"author":[{"embeddable":true,"href":"https:\/\/marathondelarochelle.com\/en\/wp-json\/wp\/v2\/users\/8"}],"replies":[{"embeddable":true,"href":"https:\/\/marathondelarochelle.com\/en\/wp-json\/wp\/v2\/comments?post=20767"}],"version-history":[{"count":6,"href":"https:\/\/marathondelarochelle.com\/en\/wp-json\/wp\/v2\/pages\/20767\/revisions"}],"predecessor-version":[{"id":24883,"href":"https:\/\/marathondelarochelle.com\/en\/wp-json\/wp\/v2\/pages\/20767\/revisions\/24883"}],"wp:attachment":[{"href":"https:\/\/marathondelarochelle.com\/en\/wp-json\/wp\/v2\/media?parent=20767"}],"wp:term":[{"taxonomy":"category","embeddable":true,"href":"https:\/\/marathondelarochelle.com\/en\/wp-json\/wp\/v2\/categories?post=20767"},{"taxonomy":"post_tag","embeddable":true,"href":"https:\/\/marathondelarochelle.com\/en\/wp-json\/wp\/v2\/tags?post=20767"}],"curies":[{"name":"wp","href":"https:\/\/api.w.org\/{rel}","templated":true}]}}