{"id":14660,"date":"2023-03-07T09:49:37","date_gmt":"2023-03-07T08:49:37","guid":{"rendered":"https:\/\/marathondelarochelle.com\/?page_id=14660"},"modified":"2025-03-06T17:05:40","modified_gmt":"2025-03-06T16:05:40","slug":"edito","status":"publish","type":"page","link":"https:\/\/marathondelarochelle.com\/en\/edito\/","title":{"rendered":"Edito"},"content":{"rendered":"<div data-elementor-type=\"wp-page\" data-elementor-id=\"14660\" class=\"elementor elementor-14660\" data-elementor-post-type=\"page\">\n\t\t\t\t\t\t<section class=\"elementor-section elementor-top-section elementor-element elementor-element-f3725c5 elementor-section-boxed elementor-section-height-default elementor-section-height-default\" data-id=\"f3725c5\" data-element_type=\"section\" data-e-type=\"section\" data-settings=\"{&quot;jet_parallax_layout_list&quot;:[]}\">\n\t\t\t\t\t\t<div class=\"elementor-container elementor-column-gap-default\">\n\t\t\t\t\t<div class=\"elementor-column elementor-col-100 elementor-top-column elementor-element elementor-element-1327bdb\" data-id=\"1327bdb\" data-element_type=\"column\" data-e-type=\"column\">\n\t\t\t<div class=\"elementor-widget-wrap elementor-element-populated\">\n\t\t\t\t\t\t<div class=\"elementor-element elementor-element-dd75dba elementor-widget elementor-widget-heading\" data-id=\"dd75dba\" data-element_type=\"widget\" data-e-type=\"widget\" data-widget_type=\"heading.default\">\n\t\t\t\t<div class=\"elementor-widget-container\">\n\t\t\t\t\t<h2 class=\"elementor-heading-title elementor-size-default\">Edito<\/h2>\t\t\t\t<\/div>\n\t\t\t\t<\/div>\n\t\t\t\t\t<\/div>\n\t\t<\/div>\n\t\t\t\t\t<\/div>\n\t\t<\/section>\n\t\t\t\t<section class=\"elementor-section elementor-top-section elementor-element elementor-element-4d0de05 elementor-section-boxed elementor-section-height-default elementor-section-height-default\" data-id=\"4d0de05\" data-element_type=\"section\" data-e-type=\"section\" data-settings=\"{&quot;jet_parallax_layout_list&quot;:[]}\">\n\t\t\t\t\t\t<div class=\"elementor-container elementor-column-gap-default\">\n\t\t\t\t\t<div class=\"elementor-column elementor-col-66 elementor-top-column elementor-element elementor-element-b4cd73b\" data-id=\"b4cd73b\" data-element_type=\"column\" data-e-type=\"column\">\n\t\t\t<div class=\"elementor-widget-wrap elementor-element-populated\">\n\t\t\t\t\t\t<div class=\"elementor-element elementor-element-bbf1cdf elementor-widget elementor-widget-text-editor\" data-id=\"bbf1cdf\" data-element_type=\"widget\" data-e-type=\"widget\" data-widget_type=\"text-editor.default\">\n\t\t\t\t<div class=\"elementor-widget-container\">\n\t\t\t\t\t\t\t\t\t<blockquote><p>The 34rd<sup>.<\/sup> \u00e9dition du Marathon de La Rochelle Serge Vigot : c\u2019est parti !\u00a0 <strong>Venez courir <em>THE<\/em> High-Performance Associative Marathon <\/strong>Every year it is a new challenge, because every year the organizing team wants to improve an event, whose growing success and performances make it the second most successful French marathon in 2024 with 75 athletes under 2h45, 356 under 3h, 1575 under 3h30 and 3101 under 4h.<\/p><\/blockquote><p>This sporting success is directly linked to the associative spirit, the DNA of our operation, which has the following aims: <strong>THE ONLY OBJECTIVE is to successfully complete the event for the pleasure of the participants and those who accompany them and encourage them throughout the courses offered during the weekend; nothing else!!!<\/strong><\/p><p>We know that we must remain vigilant, attentive to everything and humble, because a grain of sand can disrupt even the most beautiful of organizations.<\/p><p>It is thanks to this state of mind that we have overcome difficulties when they have arisen.<\/p>\t\t\t\t\t\t\t\t<\/div>\n\t\t\t\t<\/div>\n\t\t\t\t\t<\/div>\n\t\t<\/div>\n\t\t\t\t<div class=\"elementor-column elementor-col-33 elementor-top-column elementor-element elementor-element-d788852\" data-id=\"d788852\" data-element_type=\"column\" data-e-type=\"column\">\n\t\t\t<div class=\"elementor-widget-wrap elementor-element-populated\">\n\t\t\t\t\t\t<div class=\"elementor-element elementor-element-f57b6d2 elementor-widget elementor-widget-image\" data-id=\"f57b6d2\" data-element_type=\"widget\" data-e-type=\"widget\" data-widget_type=\"image.default\">\n\t\t\t\t<div class=\"elementor-widget-container\">\n\t\t\t\t\t\t\t\t\t\t\t\t\t\t\t<img fetchpriority=\"high\" decoding=\"async\" width=\"724\" height=\"1024\" src=\"https:\/\/marathondelarochelle.com\/wp-content\/uploads\/2025\/02\/34-MARATHON-LA-ROCHELLE-A3-Nelly-SALLES-2-centre-724x1024.jpg\" class=\"attachment-large size-large wp-image-21102\" alt=\"\" srcset=\"https:\/\/marathondelarochelle.com\/wp-content\/uploads\/2025\/02\/34-MARATHON-LA-ROCHELLE-A3-Nelly-SALLES-2-centre-724x1024.jpg 724w, https:\/\/marathondelarochelle.com\/wp-content\/uploads\/2025\/02\/34-MARATHON-LA-ROCHELLE-A3-Nelly-SALLES-2-centre-212x300.jpg 212w, https:\/\/marathondelarochelle.com\/wp-content\/uploads\/2025\/02\/34-MARATHON-LA-ROCHELLE-A3-Nelly-SALLES-2-centre-768x1086.jpg 768w, https:\/\/marathondelarochelle.com\/wp-content\/uploads\/2025\/02\/34-MARATHON-LA-ROCHELLE-A3-Nelly-SALLES-2-centre-1086x1536.jpg 1086w, https:\/\/marathondelarochelle.com\/wp-content\/uploads\/2025\/02\/34-MARATHON-LA-ROCHELLE-A3-Nelly-SALLES-2-centre-8x12.jpg 8w, https:\/\/marathondelarochelle.com\/wp-content\/uploads\/2025\/02\/34-MARATHON-LA-ROCHELLE-A3-Nelly-SALLES-2-centre-600x849.jpg 600w, https:\/\/marathondelarochelle.com\/wp-content\/uploads\/2025\/02\/34-MARATHON-LA-ROCHELLE-A3-Nelly-SALLES-2-centre.jpg 1131w\" sizes=\"(max-width: 724px) 100vw, 724px\" \/>\t\t\t\t\t\t\t\t\t\t\t\t\t\t\t<\/div>\n\t\t\t\t<\/div>\n\t\t\t\t\t<\/div>\n\t\t<\/div>\n\t\t\t\t\t<\/div>\n\t\t<\/section>\n\t\t\t\t<section class=\"elementor-section elementor-top-section elementor-element elementor-element-fa08a29 elementor-section-boxed elementor-section-height-default elementor-section-height-default\" data-id=\"fa08a29\" data-element_type=\"section\" data-e-type=\"section\" data-settings=\"{&quot;jet_parallax_layout_list&quot;:[]}\">\n\t\t\t\t\t\t<div class=\"elementor-container elementor-column-gap-default\">\n\t\t\t\t\t<div class=\"elementor-column elementor-col-50 elementor-top-column elementor-element elementor-element-927b073\" data-id=\"927b073\" data-element_type=\"column\" data-e-type=\"column\">\n\t\t\t<div class=\"elementor-widget-wrap elementor-element-populated\">\n\t\t\t\t\t\t<div class=\"elementor-element elementor-element-4e1e504 elementor-widget elementor-widget-text-editor\" data-id=\"4e1e504\" data-element_type=\"widget\" data-e-type=\"widget\" data-widget_type=\"text-editor.default\">\n\t\t\t\t<div class=\"elementor-widget-container\">\n\t\t\t\t\t\t\t\t\t<p>The values \u200b\u200bthat are at the origin of the wonderful adventure of the Serge Vigot La Rochelle Marathon, our backbone, continue and we are proud of them.<\/p><p>So, since 2023, we have maintained free registration for job seekers and the prices for all the races we organize on the weekend; for example, for a marathon registration before June 15, it is \u20ac58!<\/p><p>Excellence can be popular, we believe it should be!<\/p><p>The quality of the welcome from the 1,300 volunteers present at the weekend, warm and attentive,<\/p><p>the disabled race, the rewards for all finishers, we care about it.<\/p><p>Our association, although its objective is to organize an event of national or even international scope, nevertheless remains vigilant and civic-minded regarding the ecological impact that our organization can have.<\/p><p>For years, we have been committed to developing measures to reduce this impact. We are making progress with each challenge by innovating in the field of waste management, in particular.<\/p><p>Since this year, we also want to improve in the area of \u200b\u200btransport by promoting soft mobility and, above all, by raising awareness among volunteers and participants of the importance of the issue.<\/p><p>This is why we thank you for making sure to prioritize carpooling and public transport to limit the ecological impact of our event. We must all do our part.<\/p><p>For the 2025 edition we are ready, volunteer members of the association, as well as the 1300 weekend volunteers, public and private partners and employees, to do the 10 km, the Duo, the Business Challenge, without forgetting the Chauffe-Gambettes, the Handi Races and the marathon of the 2025 edition, sporting events of excellence, festive and friendly.....but better than 2024!!!<\/p><p>Once again, we are looking forward to welcoming you to our very lively and busy village, where the bibs are handed out, where you will find our newly renovated shop, some 65 exhibitors and the bar, an essential meeting place where you will be given all the information you need to approach the races with complete peace of mind.<\/p><p>On November 30, 2025, come to La Rochelle, come run, enjoy, share.<\/p><p>\u00a0Here is the program:<\/p><p>8:45 a.m.: Start of the 10km, Av Leclerc<\/p><p>8:57 a.m.: Start of the Handi races, Quai Maubec<\/p><p>9:00 a.m.: Start of the Marathon, Duo and Business Challenge, quai Maubec and Louis Durand<\/p><p>Don't delay if you want to register because the number of participants per race is limited (10 km: 3500, DUO: 1000 teams, Business Challenge: 200 teams, Marathon: 8500), and we are surprised, every year, by how quickly our limits are reached.<\/p><p>It is again and always, with renewed and sincere pleasure, that we hope to welcome you on November 30, 2025.<\/p><p>We will be there for you, because you are welcome every year.<\/p>\t\t\t\t\t\t\t\t<\/div>\n\t\t\t\t<\/div>\n\t\t\t\t\t<\/div>\n\t\t<\/div>\n\t\t\t\t<div class=\"elementor-column elementor-col-50 elementor-top-column elementor-element elementor-element-a97d94f\" data-id=\"a97d94f\" data-element_type=\"column\" data-e-type=\"column\">\n\t\t\t<div class=\"elementor-widget-wrap\">\n\t\t\t\t\t\t\t<\/div>\n\t\t<\/div>\n\t\t\t\t\t<\/div>\n\t\t<\/section>\n\t\t<div class=\"elementor-element elementor-element-9f6054b e-flex e-con-boxed e-con e-parent\" data-id=\"9f6054b\" data-element_type=\"container\" data-e-type=\"container\" data-settings=\"{&quot;jet_parallax_layout_list&quot;:[]}\">\n\t\t\t\t\t<div class=\"e-con-inner\">\n\t\t<div class=\"elementor-element elementor-element-4c7b128 e-con-full e-flex e-con e-child\" data-id=\"4c7b128\" data-element_type=\"container\" data-e-type=\"container\" data-settings=\"{&quot;jet_parallax_layout_list&quot;:[]}\">\n\t\t\t\t<div class=\"elementor-element elementor-element-df7caf7 elementor-widget elementor-widget-text-editor\" data-id=\"df7caf7\" data-element_type=\"widget\" data-e-type=\"widget\" data-widget_type=\"text-editor.default\">\n\t\t\t\t<div class=\"elementor-widget-container\">\n\t\t\t\t\t\t\t\t\t<p>See you soon, I hope to welcome you to the 34<sup>.<\/sup> edition of the La Rochelle Marathon Serge Vigot.<\/p><p>Happy racing to all.<\/p><p>Sportivement<\/p><p>For the Association<\/p><p>Marathon de La Rochelle Serge Vigot<\/p><p>Its President<\/p><p>Dominique ROUG\u00c9<\/p>\t\t\t\t\t\t\t\t<\/div>\n\t\t\t\t<\/div>\n\t\t\t\t<\/div>\n\t\t<div class=\"elementor-element elementor-element-80f392a e-con-full e-flex e-con e-child\" data-id=\"80f392a\" data-element_type=\"container\" data-e-type=\"container\" data-settings=\"{&quot;jet_parallax_layout_list&quot;:[]}\">\n\t\t\t\t<div class=\"elementor-element elementor-element-dc1bc84 elementor-widget elementor-widget-image\" data-id=\"dc1bc84\" data-element_type=\"widget\" data-e-type=\"widget\" data-widget_type=\"image.default\">\n\t\t\t\t<div class=\"elementor-widget-container\">\n\t\t\t\t\t\t\t\t\t\t\t\t\t\t\t<img decoding=\"async\" width=\"683\" height=\"1024\" src=\"https:\/\/marathondelarochelle.com\/wp-content\/uploads\/2025\/03\/2024_13_ym_Mara-LaRochL_355-683x1024.jpg\" class=\"attachment-large size-large wp-image-22192\" alt=\"\" srcset=\"https:\/\/marathondelarochelle.com\/wp-content\/uploads\/2025\/03\/2024_13_ym_Mara-LaRochL_355-683x1024.jpg 683w, https:\/\/marathondelarochelle.com\/wp-content\/uploads\/2025\/03\/2024_13_ym_Mara-LaRochL_355-200x300.jpg 200w, https:\/\/marathondelarochelle.com\/wp-content\/uploads\/2025\/03\/2024_13_ym_Mara-LaRochL_355-768x1152.jpg 768w, https:\/\/marathondelarochelle.com\/wp-content\/uploads\/2025\/03\/2024_13_ym_Mara-LaRochL_355-1024x1536.jpg 1024w, https:\/\/marathondelarochelle.com\/wp-content\/uploads\/2025\/03\/2024_13_ym_Mara-LaRochL_355-1365x2048.jpg 1365w, https:\/\/marathondelarochelle.com\/wp-content\/uploads\/2025\/03\/2024_13_ym_Mara-LaRochL_355-8x12.jpg 8w, https:\/\/marathondelarochelle.com\/wp-content\/uploads\/2025\/03\/2024_13_ym_Mara-LaRochL_355-600x900.jpg 600w, https:\/\/marathondelarochelle.com\/wp-content\/uploads\/2025\/03\/2024_13_ym_Mara-LaRochL_355-scaled.jpg 1707w\" sizes=\"(max-width: 683px) 100vw, 683px\" \/>\t\t\t\t\t\t\t\t\t\t\t\t\t\t\t<\/div>\n\t\t\t\t<\/div>\n\t\t\t\t<\/div>\n\t\t\t\t\t<\/div>\n\t\t\t\t<\/div>\n\t\t\t\t<\/div>","protected":false},"excerpt":{"rendered":"<p>Edito La 34\u00e8me \u00e9dition du Marathon de La Rochelle Serge Vigot : c\u2019est parti !\u00a0 Venez courir LE Marathon Associatif Performant. Tous les ans c\u2019est un nouveau d\u00e9fi, car tous les ans l\u2019\u00e9quipe organisatrice veut am\u00e9liorer une \u00e9preuve, dont le succ\u00e8s grandissant et les performances en font le deuxi\u00e8me marathon fran\u00e7ais le plus performant en [&hellip;]<\/p>\n","protected":false},"author":1,"featured_media":0,"parent":0,"menu_order":0,"comment_status":"closed","ping_status":"closed","template":"elementor_header_footer","meta":{"footnotes":""},"categories":[],"tags":[],"class_list":["post-14660","page","type-page","status-publish","hentry"],"featured_image_src":null,"_links":{"self":[{"href":"https:\/\/marathondelarochelle.com\/en\/wp-json\/wp\/v2\/pages\/14660","targetHints":{"allow":["GET"]}}],"collection":[{"href":"https:\/\/marathondelarochelle.com\/en\/wp-json\/wp\/v2\/pages"}],"about":[{"href":"https:\/\/marathondelarochelle.com\/en\/wp-json\/wp\/v2\/types\/page"}],"author":[{"embeddable":true,"href":"https:\/\/marathondelarochelle.com\/en\/wp-json\/wp\/v2\/users\/1"}],"replies":[{"embeddable":true,"href":"https:\/\/marathondelarochelle.com\/en\/wp-json\/wp\/v2\/comments?post=14660"}],"version-history":[{"count":25,"href":"https:\/\/marathondelarochelle.com\/en\/wp-json\/wp\/v2\/pages\/14660\/revisions"}],"predecessor-version":[{"id":22200,"href":"https:\/\/marathondelarochelle.com\/en\/wp-json\/wp\/v2\/pages\/14660\/revisions\/22200"}],"wp:attachment":[{"href":"https:\/\/marathondelarochelle.com\/en\/wp-json\/wp\/v2\/media?parent=14660"}],"wp:term":[{"taxonomy":"category","embeddable":true,"href":"https:\/\/marathondelarochelle.com\/en\/wp-json\/wp\/v2\/categories?post=14660"},{"taxonomy":"post_tag","embeddable":true,"href":"https:\/\/marathondelarochelle.com\/en\/wp-json\/wp\/v2\/tags?post=14660"}],"curies":[{"name":"wp","href":"https:\/\/api.w.org\/{rel}","templated":true}]}}