{"id":12239,"date":"2022-09-01T11:00:50","date_gmt":"2022-09-01T09:00:50","guid":{"rendered":"https:\/\/marathondelarochelle.com\/?page_id=12239"},"modified":"2025-01-27T14:40:53","modified_gmt":"2025-01-27T13:40:53","slug":"le-blog-2","status":"publish","type":"page","link":"https:\/\/marathondelarochelle.com\/en\/le-blog-2\/","title":{"rendered":"le-blog"},"content":{"rendered":"\t\t<div data-elementor-type=\"wp-page\" data-elementor-id=\"12239\" class=\"elementor elementor-12239\" data-elementor-post-type=\"page\">\n\t\t\t\t\t\t<section class=\"elementor-section elementor-top-section elementor-element elementor-element-8370036 elementor-section-boxed elementor-section-height-default elementor-section-height-default\" data-id=\"8370036\" data-element_type=\"section\" data-e-type=\"section\" data-settings=\"{&quot;jet_parallax_layout_list&quot;:[{&quot;jet_parallax_layout_image&quot;:{&quot;url&quot;:&quot;&quot;,&quot;id&quot;:&quot;&quot;,&quot;size&quot;:&quot;&quot;},&quot;_id&quot;:&quot;92b217c&quot;,&quot;jet_parallax_layout_image_tablet&quot;:{&quot;url&quot;:&quot;&quot;,&quot;id&quot;:&quot;&quot;,&quot;size&quot;:&quot;&quot;},&quot;jet_parallax_layout_image_mobile&quot;:{&quot;url&quot;:&quot;&quot;,&quot;id&quot;:&quot;&quot;,&quot;size&quot;:&quot;&quot;},&quot;jet_parallax_layout_speed&quot;:{&quot;unit&quot;:&quot;%&quot;,&quot;size&quot;:50,&quot;sizes&quot;:[]},&quot;jet_parallax_layout_type&quot;:&quot;scroll&quot;,&quot;jet_parallax_layout_direction&quot;:&quot;1&quot;,&quot;jet_parallax_layout_fx_direction&quot;:null,&quot;jet_parallax_layout_z_index&quot;:&quot;&quot;,&quot;jet_parallax_layout_bg_x&quot;:50,&quot;jet_parallax_layout_bg_x_tablet&quot;:&quot;&quot;,&quot;jet_parallax_layout_bg_x_mobile&quot;:&quot;&quot;,&quot;jet_parallax_layout_bg_y&quot;:50,&quot;jet_parallax_layout_bg_y_tablet&quot;:&quot;&quot;,&quot;jet_parallax_layout_bg_y_mobile&quot;:&quot;&quot;,&quot;jet_parallax_layout_bg_size&quot;:&quot;auto&quot;,&quot;jet_parallax_layout_bg_size_tablet&quot;:&quot;&quot;,&quot;jet_parallax_layout_bg_size_mobile&quot;:&quot;&quot;,&quot;jet_parallax_layout_animation_prop&quot;:&quot;transform&quot;,&quot;jet_parallax_layout_on&quot;:[&quot;desktop&quot;,&quot;tablet&quot;]}]}\">\n\t\t\t\t\t\t<div class=\"elementor-container elementor-column-gap-default\">\n\t\t\t\t\t<div class=\"elementor-column elementor-col-100 elementor-top-column elementor-element elementor-element-72f2fec\" data-id=\"72f2fec\" data-element_type=\"column\" data-e-type=\"column\">\n\t\t\t<div class=\"elementor-widget-wrap elementor-element-populated\">\n\t\t\t\t\t\t<div class=\"elementor-element elementor-element-4b66905 elementor-widget elementor-widget-heading\" data-id=\"4b66905\" data-element_type=\"widget\" data-e-type=\"widget\" data-widget_type=\"heading.default\">\n\t\t\t\t<div class=\"elementor-widget-container\">\n\t\t\t\t\t<h2 class=\"elementor-heading-title elementor-size-default\">LE BLOG<\/h2>\t\t\t\t<\/div>\n\t\t\t\t<\/div>\n\t\t\t\t<div class=\"elementor-element elementor-element-3d53b63 elementor-grid-3 elementor-grid-tablet-2 elementor-grid-mobile-1 elementor-posts--thumbnail-top elementor-posts--show-avatar elementor-card-shadow-yes elementor-posts__hover-gradient elementor-widget elementor-widget-posts\" data-id=\"3d53b63\" data-element_type=\"widget\" data-e-type=\"widget\" data-settings=\"{&quot;pagination_type&quot;:&quot;prev_next&quot;,&quot;cards_columns&quot;:&quot;3&quot;,&quot;cards_columns_tablet&quot;:&quot;2&quot;,&quot;cards_columns_mobile&quot;:&quot;1&quot;,&quot;cards_row_gap&quot;:{&quot;unit&quot;:&quot;px&quot;,&quot;size&quot;:35,&quot;sizes&quot;:[]},&quot;cards_row_gap_tablet&quot;:{&quot;unit&quot;:&quot;px&quot;,&quot;size&quot;:&quot;&quot;,&quot;sizes&quot;:[]},&quot;cards_row_gap_mobile&quot;:{&quot;unit&quot;:&quot;px&quot;,&quot;size&quot;:&quot;&quot;,&quot;sizes&quot;:[]}}\" data-widget_type=\"posts.cards\">\n\t\t\t\t<div class=\"elementor-widget-container\">\n\t\t\t\t\t\t\t<div class=\"elementor-posts-container elementor-posts elementor-posts--skin-cards elementor-grid\" role=\"list\">\n\t\t\t\t<article class=\"elementor-post elementor-grid-item post-23668 post type-post status-publish format-standard has-post-thumbnail hentry category-portraits\" role=\"listitem\">\n\t\t\t<div class=\"elementor-post__card\">\n\t\t\t\t<a class=\"elementor-post__thumbnail__link\" href=\"https:\/\/marathondelarochelle.com\/en\/hommages\/\" tabindex=\"-1\" target=\"_blank\"><div class=\"elementor-post__thumbnail\"><img fetchpriority=\"high\" decoding=\"async\" width=\"300\" height=\"221\" src=\"https:\/\/marathondelarochelle.com\/wp-content\/uploads\/2025\/11\/LOGO-OK-300x221.jpg\" class=\"attachment-medium size-medium wp-image-23670\" alt=\"\" srcset=\"https:\/\/marathondelarochelle.com\/wp-content\/uploads\/2025\/11\/LOGO-OK-300x221.jpg 300w, https:\/\/marathondelarochelle.com\/wp-content\/uploads\/2025\/11\/LOGO-OK-16x12.jpg 16w, https:\/\/marathondelarochelle.com\/wp-content\/uploads\/2025\/11\/LOGO-OK.jpg 440w\" sizes=\"(max-width: 300px) 100vw, 300px\" \/><\/div><\/a>\n\t\t\t\t<div class=\"elementor-post__badge\">Portraits<\/div>\n\t\t\t\t<div class=\"elementor-post__avatar\">\n\t\t\t\t\t<\/div>\n\t\t\t\t<div class=\"elementor-post__text\">\n\t\t\t\t<h3 class=\"elementor-post__title\">\n\t\t\t<a href=\"https:\/\/marathondelarochelle.com\/en\/hommages\/\" target=&quot;_blank&quot;>\n\t\t\t\tHommages\t\t\t<\/a>\n\t\t<\/h3>\n\t\t\n\t\t<a class=\"elementor-post__read-more\" href=\"https:\/\/marathondelarochelle.com\/en\/hommages\/\" aria-label=\"Read more about Hommages\" tabindex=\"-1\" target=\"_blank\">\n\t\t\tLire l'article\t\t<\/a>\n\n\t\t\t\t<\/div>\n\t\t\t\t<div class=\"elementor-post__meta-data\">\n\t\t\t\t\t<span class=\"elementor-post-date\">\n\t\t\t14 November 2025\t\t<\/span>\n\t\t\t\t<\/div>\n\t\t\t\t\t<\/div>\n\t\t<\/article>\n\t\t\t\t<article class=\"elementor-post elementor-grid-item post-21137 post type-post status-publish format-standard has-post-thumbnail hentry category-portraits\" role=\"listitem\">\n\t\t\t<div class=\"elementor-post__card\">\n\t\t\t\t<a class=\"elementor-post__thumbnail__link\" href=\"https:\/\/marathondelarochelle.com\/en\/ou\/\" tabindex=\"-1\" target=\"_blank\"><div class=\"elementor-post__thumbnail\"><img decoding=\"async\" width=\"300\" height=\"157\" src=\"https:\/\/marathondelarochelle.com\/wp-content\/uploads\/2025\/02\/ouverture-1-2048x1073-1-300x157.jpg\" class=\"attachment-medium size-medium wp-image-21141\" alt=\"\" srcset=\"https:\/\/marathondelarochelle.com\/wp-content\/uploads\/2025\/02\/ouverture-1-2048x1073-1-300x157.jpg 300w, https:\/\/marathondelarochelle.com\/wp-content\/uploads\/2025\/02\/ouverture-1-2048x1073-1-1024x537.jpg 1024w, https:\/\/marathondelarochelle.com\/wp-content\/uploads\/2025\/02\/ouverture-1-2048x1073-1-768x402.jpg 768w, https:\/\/marathondelarochelle.com\/wp-content\/uploads\/2025\/02\/ouverture-1-2048x1073-1-1536x805.jpg 1536w, https:\/\/marathondelarochelle.com\/wp-content\/uploads\/2025\/02\/ouverture-1-2048x1073-1-18x9.jpg 18w, https:\/\/marathondelarochelle.com\/wp-content\/uploads\/2025\/02\/ouverture-1-2048x1073-1-600x314.jpg 600w, https:\/\/marathondelarochelle.com\/wp-content\/uploads\/2025\/02\/ouverture-1-2048x1073-1.jpg 2048w\" sizes=\"(max-width: 300px) 100vw, 300px\" \/><\/div><\/a>\n\t\t\t\t<div class=\"elementor-post__badge\">Portraits<\/div>\n\t\t\t\t<div class=\"elementor-post__avatar\">\n\t\t\t\t\t<\/div>\n\t\t\t\t<div class=\"elementor-post__text\">\n\t\t\t\t<h3 class=\"elementor-post__title\">\n\t\t\t<a href=\"https:\/\/marathondelarochelle.com\/en\/ou\/\" target=&quot;_blank&quot;>\n\t\t\t\tOuverture des inscriptions\t\t\t<\/a>\n\t\t<\/h3>\n\t\t\n\t\t<a class=\"elementor-post__read-more\" href=\"https:\/\/marathondelarochelle.com\/en\/ou\/\" aria-label=\"Read more about Ouverture des inscriptions\" tabindex=\"-1\" target=\"_blank\">\n\t\t\tLire l'article\t\t<\/a>\n\n\t\t\t\t<\/div>\n\t\t\t\t<div class=\"elementor-post__meta-data\">\n\t\t\t\t\t<span class=\"elementor-post-date\">\n\t\t\t27 February 2025\t\t<\/span>\n\t\t\t\t<\/div>\n\t\t\t\t\t<\/div>\n\t\t<\/article>\n\t\t\t\t<article class=\"elementor-post elementor-grid-item post-21131 post type-post status-publish format-standard has-post-thumbnail hentry category-portraits\" role=\"listitem\">\n\t\t\t<div class=\"elementor-post__card\">\n\t\t\t\t<a class=\"elementor-post__thumbnail__link\" href=\"https:\/\/marathondelarochelle.com\/en\/resultat-concours-daffiches-2025\/\" tabindex=\"-1\" target=\"_blank\"><div class=\"elementor-post__thumbnail\"><img decoding=\"async\" width=\"300\" height=\"300\" src=\"https:\/\/marathondelarochelle.com\/wp-content\/uploads\/2025\/02\/affiche-2025-3-1024x1024-1-300x300.png\" class=\"attachment-medium size-medium wp-image-21136\" alt=\"\" srcset=\"https:\/\/marathondelarochelle.com\/wp-content\/uploads\/2025\/02\/affiche-2025-3-1024x1024-1-300x300.png 300w, https:\/\/marathondelarochelle.com\/wp-content\/uploads\/2025\/02\/affiche-2025-3-1024x1024-1-150x150.png 150w, https:\/\/marathondelarochelle.com\/wp-content\/uploads\/2025\/02\/affiche-2025-3-1024x1024-1-768x768.png 768w, https:\/\/marathondelarochelle.com\/wp-content\/uploads\/2025\/02\/affiche-2025-3-1024x1024-1-12x12.png 12w, https:\/\/marathondelarochelle.com\/wp-content\/uploads\/2025\/02\/affiche-2025-3-1024x1024-1-230x230.png 230w, https:\/\/marathondelarochelle.com\/wp-content\/uploads\/2025\/02\/affiche-2025-3-1024x1024-1-400x400.png 400w, https:\/\/marathondelarochelle.com\/wp-content\/uploads\/2025\/02\/affiche-2025-3-1024x1024-1-600x600.png 600w, https:\/\/marathondelarochelle.com\/wp-content\/uploads\/2025\/02\/affiche-2025-3-1024x1024-1-640x640.png 640w, https:\/\/marathondelarochelle.com\/wp-content\/uploads\/2025\/02\/affiche-2025-3-1024x1024-1.png 1024w\" sizes=\"(max-width: 300px) 100vw, 300px\" \/><\/div><\/a>\n\t\t\t\t<div class=\"elementor-post__badge\">Portraits<\/div>\n\t\t\t\t<div class=\"elementor-post__avatar\">\n\t\t\t\t\t<\/div>\n\t\t\t\t<div class=\"elementor-post__text\">\n\t\t\t\t<h3 class=\"elementor-post__title\">\n\t\t\t<a href=\"https:\/\/marathondelarochelle.com\/en\/resultat-concours-daffiches-2025\/\" target=&quot;_blank&quot;>\n\t\t\t\tR\u00e9sultat Concours d&rsquo;affiches 2025\t\t\t<\/a>\n\t\t<\/h3>\n\t\t\n\t\t<a class=\"elementor-post__read-more\" href=\"https:\/\/marathondelarochelle.com\/en\/resultat-concours-daffiches-2025\/\" aria-label=\"Read more about R\u00e9sultat Concours d&rsquo;affiches 2025\" tabindex=\"-1\" target=\"_blank\">\n\t\t\tLire l'article\t\t<\/a>\n\n\t\t\t\t<\/div>\n\t\t\t\t<div class=\"elementor-post__meta-data\">\n\t\t\t\t\t<span class=\"elementor-post-date\">\n\t\t\t27 February 2025\t\t<\/span>\n\t\t\t\t<\/div>\n\t\t\t\t\t<\/div>\n\t\t<\/article>\n\t\t\t\t<article class=\"elementor-post elementor-grid-item post-20841 post type-post status-publish format-standard has-post-thumbnail hentry category-portraits\" role=\"listitem\">\n\t\t\t<div class=\"elementor-post__card\">\n\t\t\t\t<a class=\"elementor-post__thumbnail__link\" href=\"https:\/\/marathondelarochelle.com\/en\/concours-daffiches-2025\/\" tabindex=\"-1\" target=\"_blank\"><div class=\"elementor-post__thumbnail\"><img loading=\"lazy\" decoding=\"async\" width=\"300\" height=\"200\" src=\"https:\/\/marathondelarochelle.com\/wp-content\/uploads\/2023\/12\/Vote-affiche-300x200.png\" class=\"attachment-medium size-medium wp-image-20870\" alt=\"\" srcset=\"https:\/\/marathondelarochelle.com\/wp-content\/uploads\/2023\/12\/Vote-affiche-300x200.png 300w, https:\/\/marathondelarochelle.com\/wp-content\/uploads\/2023\/12\/Vote-affiche-1024x682.png 1024w, https:\/\/marathondelarochelle.com\/wp-content\/uploads\/2023\/12\/Vote-affiche-768x512.png 768w, https:\/\/marathondelarochelle.com\/wp-content\/uploads\/2023\/12\/Vote-affiche-1536x1023.png 1536w, https:\/\/marathondelarochelle.com\/wp-content\/uploads\/2023\/12\/Vote-affiche-18x12.png 18w, https:\/\/marathondelarochelle.com\/wp-content\/uploads\/2023\/12\/Vote-affiche-600x400.png 600w, https:\/\/marathondelarochelle.com\/wp-content\/uploads\/2023\/12\/Vote-affiche.png 1920w\" sizes=\"(max-width: 300px) 100vw, 300px\" \/><\/div><\/a>\n\t\t\t\t<div class=\"elementor-post__badge\">Portraits<\/div>\n\t\t\t\t<div class=\"elementor-post__avatar\">\n\t\t\t\t\t<\/div>\n\t\t\t\t<div class=\"elementor-post__text\">\n\t\t\t\t<h3 class=\"elementor-post__title\">\n\t\t\t<a href=\"https:\/\/marathondelarochelle.com\/en\/concours-daffiches-2025\/\" target=&quot;_blank&quot;>\n\t\t\t\tConcours d&rsquo;affiches 2025\t\t\t<\/a>\n\t\t<\/h3>\n\t\t\n\t\t<a class=\"elementor-post__read-more\" href=\"https:\/\/marathondelarochelle.com\/en\/concours-daffiches-2025\/\" aria-label=\"Read more about Concours d&rsquo;affiches 2025\" tabindex=\"-1\" target=\"_blank\">\n\t\t\tLire l'article\t\t<\/a>\n\n\t\t\t\t<\/div>\n\t\t\t\t<div class=\"elementor-post__meta-data\">\n\t\t\t\t\t<span class=\"elementor-post-date\">\n\t\t\t28 November 2024\t\t<\/span>\n\t\t\t\t<\/div>\n\t\t\t\t\t<\/div>\n\t\t<\/article>\n\t\t\t\t<article class=\"elementor-post elementor-grid-item post-19852 post type-post status-publish format-standard has-post-thumbnail hentry category-la-vie-du-marathon\" role=\"listitem\">\n\t\t\t<div class=\"elementor-post__card\">\n\t\t\t\t<a class=\"elementor-post__thumbnail__link\" href=\"https:\/\/marathondelarochelle.com\/en\/teaser-2024\/\" tabindex=\"-1\" target=\"_blank\"><div class=\"elementor-post__thumbnail\"><img loading=\"lazy\" decoding=\"async\" width=\"300\" height=\"169\" src=\"https:\/\/marathondelarochelle.com\/wp-content\/uploads\/2024\/05\/Copie-de-Zoom-sur-les-challenges--300x169.jpg\" class=\"attachment-medium size-medium wp-image-19866\" alt=\"\" srcset=\"https:\/\/marathondelarochelle.com\/wp-content\/uploads\/2024\/05\/Copie-de-Zoom-sur-les-challenges--300x169.jpg 300w, https:\/\/marathondelarochelle.com\/wp-content\/uploads\/2024\/05\/Copie-de-Zoom-sur-les-challenges--1024x576.jpg 1024w, https:\/\/marathondelarochelle.com\/wp-content\/uploads\/2024\/05\/Copie-de-Zoom-sur-les-challenges--768x432.jpg 768w, https:\/\/marathondelarochelle.com\/wp-content\/uploads\/2024\/05\/Copie-de-Zoom-sur-les-challenges--1536x864.jpg 1536w, https:\/\/marathondelarochelle.com\/wp-content\/uploads\/2024\/05\/Copie-de-Zoom-sur-les-challenges--18x10.jpg 18w, https:\/\/marathondelarochelle.com\/wp-content\/uploads\/2024\/05\/Copie-de-Zoom-sur-les-challenges--150x85.jpg 150w, https:\/\/marathondelarochelle.com\/wp-content\/uploads\/2024\/05\/Copie-de-Zoom-sur-les-challenges--600x338.jpg 600w, https:\/\/marathondelarochelle.com\/wp-content\/uploads\/2024\/05\/Copie-de-Zoom-sur-les-challenges-.jpg 1920w\" sizes=\"(max-width: 300px) 100vw, 300px\" \/><\/div><\/a>\n\t\t\t\t<div class=\"elementor-post__badge\">La vie du Marathon<\/div>\n\t\t\t\t<div class=\"elementor-post__avatar\">\n\t\t\t\t\t<\/div>\n\t\t\t\t<div class=\"elementor-post__text\">\n\t\t\t\t<h3 class=\"elementor-post__title\">\n\t\t\t<a href=\"https:\/\/marathondelarochelle.com\/en\/teaser-2024\/\" target=&quot;_blank&quot;>\n\t\t\t\tTeaser 2024\t\t\t<\/a>\n\t\t<\/h3>\n\t\t\n\t\t<a class=\"elementor-post__read-more\" href=\"https:\/\/marathondelarochelle.com\/en\/teaser-2024\/\" aria-label=\"Read more about Teaser 2024\" tabindex=\"-1\" target=\"_blank\">\n\t\t\tLire l'article\t\t<\/a>\n\n\t\t\t\t<\/div>\n\t\t\t\t<div class=\"elementor-post__meta-data\">\n\t\t\t\t\t<span class=\"elementor-post-date\">\n\t\t\t16 May 2024\t\t<\/span>\n\t\t\t\t<\/div>\n\t\t\t\t\t<\/div>\n\t\t<\/article>\n\t\t\t\t<article class=\"elementor-post elementor-grid-item post-19629 post type-post status-publish format-standard has-post-thumbnail hentry category-portraits\" role=\"listitem\">\n\t\t\t<div class=\"elementor-post__card\">\n\t\t\t\t<a class=\"elementor-post__thumbnail__link\" href=\"https:\/\/marathondelarochelle.com\/en\/ouverture-des-inscriptions-2024\/\" tabindex=\"-1\" target=\"_blank\"><div class=\"elementor-post__thumbnail\"><img loading=\"lazy\" decoding=\"async\" width=\"300\" height=\"212\" src=\"https:\/\/marathondelarochelle.com\/wp-content\/uploads\/2024\/03\/Copie-de-affiche-2024-300x212.png\" class=\"attachment-medium size-medium wp-image-19634\" alt=\"\" srcset=\"https:\/\/marathondelarochelle.com\/wp-content\/uploads\/2024\/03\/Copie-de-affiche-2024-300x212.png 300w, https:\/\/marathondelarochelle.com\/wp-content\/uploads\/2024\/03\/Copie-de-affiche-2024-1024x724.png 1024w, https:\/\/marathondelarochelle.com\/wp-content\/uploads\/2024\/03\/Copie-de-affiche-2024-768x543.png 768w, https:\/\/marathondelarochelle.com\/wp-content\/uploads\/2024\/03\/Copie-de-affiche-2024-1536x1086.png 1536w, https:\/\/marathondelarochelle.com\/wp-content\/uploads\/2024\/03\/Copie-de-affiche-2024-18x12.png 18w, https:\/\/marathondelarochelle.com\/wp-content\/uploads\/2024\/03\/Copie-de-affiche-2024-600x424.png 600w, https:\/\/marathondelarochelle.com\/wp-content\/uploads\/2024\/03\/Copie-de-affiche-2024.png 2000w\" sizes=\"(max-width: 300px) 100vw, 300px\" \/><\/div><\/a>\n\t\t\t\t<div class=\"elementor-post__badge\">Portraits<\/div>\n\t\t\t\t<div class=\"elementor-post__avatar\">\n\t\t\t\t\t<\/div>\n\t\t\t\t<div class=\"elementor-post__text\">\n\t\t\t\t<h3 class=\"elementor-post__title\">\n\t\t\t<a href=\"https:\/\/marathondelarochelle.com\/en\/ouverture-des-inscriptions-2024\/\" target=&quot;_blank&quot;>\n\t\t\t\tOuverture des inscriptions 2024\t\t\t<\/a>\n\t\t<\/h3>\n\t\t\n\t\t<a class=\"elementor-post__read-more\" href=\"https:\/\/marathondelarochelle.com\/en\/ouverture-des-inscriptions-2024\/\" aria-label=\"Read more about Ouverture des inscriptions 2024\" tabindex=\"-1\" target=\"_blank\">\n\t\t\tLire l'article\t\t<\/a>\n\n\t\t\t\t<\/div>\n\t\t\t\t<div class=\"elementor-post__meta-data\">\n\t\t\t\t\t<span class=\"elementor-post-date\">\n\t\t\t8 March 2024\t\t<\/span>\n\t\t\t\t<\/div>\n\t\t\t\t\t<\/div>\n\t\t<\/article>\n\t\t\t\t<article class=\"elementor-post elementor-grid-item post-19607 post type-post status-publish format-standard has-post-thumbnail hentry category-la-vie-du-marathon\" role=\"listitem\">\n\t\t\t<div class=\"elementor-post__card\">\n\t\t\t\t<a class=\"elementor-post__thumbnail__link\" href=\"https:\/\/marathondelarochelle.com\/en\/resultat-du-concours-daffiches\/\" tabindex=\"-1\" target=\"_blank\"><div class=\"elementor-post__thumbnail\"><img loading=\"lazy\" decoding=\"async\" width=\"300\" height=\"212\" src=\"https:\/\/marathondelarochelle.com\/wp-content\/uploads\/2024\/03\/affiche-2024-300x212.png\" class=\"attachment-medium size-medium wp-image-19623\" alt=\"\" srcset=\"https:\/\/marathondelarochelle.com\/wp-content\/uploads\/2024\/03\/affiche-2024-300x212.png 300w, https:\/\/marathondelarochelle.com\/wp-content\/uploads\/2024\/03\/affiche-2024-1024x724.png 1024w, https:\/\/marathondelarochelle.com\/wp-content\/uploads\/2024\/03\/affiche-2024-768x543.png 768w, https:\/\/marathondelarochelle.com\/wp-content\/uploads\/2024\/03\/affiche-2024-1536x1086.png 1536w, https:\/\/marathondelarochelle.com\/wp-content\/uploads\/2024\/03\/affiche-2024-18x12.png 18w, https:\/\/marathondelarochelle.com\/wp-content\/uploads\/2024\/03\/affiche-2024-600x424.png 600w, https:\/\/marathondelarochelle.com\/wp-content\/uploads\/2024\/03\/affiche-2024.png 2000w\" sizes=\"(max-width: 300px) 100vw, 300px\" \/><\/div><\/a>\n\t\t\t\t<div class=\"elementor-post__badge\">La vie du Marathon<\/div>\n\t\t\t\t<div class=\"elementor-post__avatar\">\n\t\t\t\t\t<\/div>\n\t\t\t\t<div class=\"elementor-post__text\">\n\t\t\t\t<h3 class=\"elementor-post__title\">\n\t\t\t<a href=\"https:\/\/marathondelarochelle.com\/en\/resultat-du-concours-daffiches\/\" target=&quot;_blank&quot;>\n\t\t\t\tR\u00e9sultat du Concours d&rsquo;Affiches !!\t\t\t<\/a>\n\t\t<\/h3>\n\t\t\n\t\t<a class=\"elementor-post__read-more\" href=\"https:\/\/marathondelarochelle.com\/en\/resultat-du-concours-daffiches\/\" aria-label=\"Read more about R\u00e9sultat du Concours d&rsquo;Affiches !!\" tabindex=\"-1\" target=\"_blank\">\n\t\t\tLire l'article\t\t<\/a>\n\n\t\t\t\t<\/div>\n\t\t\t\t<div class=\"elementor-post__meta-data\">\n\t\t\t\t\t<span class=\"elementor-post-date\">\n\t\t\t8 March 2024\t\t<\/span>\n\t\t\t\t<\/div>\n\t\t\t\t\t<\/div>\n\t\t<\/article>\n\t\t\t\t<article class=\"elementor-post elementor-grid-item post-16808 post type-post status-publish format-standard has-post-thumbnail hentry category-la-vie-du-marathon\" role=\"listitem\">\n\t\t\t<div class=\"elementor-post__card\">\n\t\t\t\t<a class=\"elementor-post__thumbnail__link\" href=\"https:\/\/marathondelarochelle.com\/en\/elementor-16808\/\" tabindex=\"-1\" target=\"_blank\"><div class=\"elementor-post__thumbnail\"><img loading=\"lazy\" decoding=\"async\" width=\"300\" height=\"169\" src=\"https:\/\/marathondelarochelle.com\/wp-content\/uploads\/2024\/01\/Concours-daffiche-300x169.png\" class=\"attachment-medium size-medium wp-image-16793\" alt=\"\" srcset=\"https:\/\/marathondelarochelle.com\/wp-content\/uploads\/2024\/01\/Concours-daffiche-300x169.png 300w, https:\/\/marathondelarochelle.com\/wp-content\/uploads\/2024\/01\/Concours-daffiche-1024x576.png 1024w, https:\/\/marathondelarochelle.com\/wp-content\/uploads\/2024\/01\/Concours-daffiche-768x432.png 768w, https:\/\/marathondelarochelle.com\/wp-content\/uploads\/2024\/01\/Concours-daffiche-1536x864.png 1536w, https:\/\/marathondelarochelle.com\/wp-content\/uploads\/2024\/01\/Concours-daffiche-18x10.png 18w, https:\/\/marathondelarochelle.com\/wp-content\/uploads\/2024\/01\/Concours-daffiche-150x85.png 150w, https:\/\/marathondelarochelle.com\/wp-content\/uploads\/2024\/01\/Concours-daffiche-600x338.png 600w, https:\/\/marathondelarochelle.com\/wp-content\/uploads\/2024\/01\/Concours-daffiche.png 1920w\" sizes=\"(max-width: 300px) 100vw, 300px\" \/><\/div><\/a>\n\t\t\t\t<div class=\"elementor-post__badge\">La vie du Marathon<\/div>\n\t\t\t\t<div class=\"elementor-post__avatar\">\n\t\t\t\t\t<\/div>\n\t\t\t\t<div class=\"elementor-post__text\">\n\t\t\t\t<h3 class=\"elementor-post__title\">\n\t\t\t<a href=\"https:\/\/marathondelarochelle.com\/en\/elementor-16808\/\" target=&quot;_blank&quot;>\n\t\t\t\tVotez pour votre affiche pr\u00e9f\u00e9r\u00e9e !!\t\t\t<\/a>\n\t\t<\/h3>\n\t\t\n\t\t<a class=\"elementor-post__read-more\" href=\"https:\/\/marathondelarochelle.com\/en\/elementor-16808\/\" aria-label=\"Read more about Votez pour votre affiche pr\u00e9f\u00e9r\u00e9e !!\" tabindex=\"-1\" target=\"_blank\">\n\t\t\tLire l'article\t\t<\/a>\n\n\t\t\t\t<\/div>\n\t\t\t\t<div class=\"elementor-post__meta-data\">\n\t\t\t\t\t<span class=\"elementor-post-date\">\n\t\t\t11 January 2024\t\t<\/span>\n\t\t\t\t<\/div>\n\t\t\t\t\t<\/div>\n\t\t<\/article>\n\t\t\t\t<article class=\"elementor-post elementor-grid-item post-16736 post type-post status-publish format-standard has-post-thumbnail hentry category-portraits\" role=\"listitem\">\n\t\t\t<div class=\"elementor-post__card\">\n\t\t\t\t<a class=\"elementor-post__thumbnail__link\" href=\"https:\/\/marathondelarochelle.com\/en\/concours-daffiche-2024\/\" tabindex=\"-1\" target=\"_blank\"><div class=\"elementor-post__thumbnail\"><img loading=\"lazy\" decoding=\"async\" width=\"300\" height=\"169\" src=\"https:\/\/marathondelarochelle.com\/wp-content\/uploads\/2023\/12\/Concours-daffiche--300x169.png\" class=\"attachment-medium size-medium wp-image-16728\" alt=\"\" srcset=\"https:\/\/marathondelarochelle.com\/wp-content\/uploads\/2023\/12\/Concours-daffiche--300x169.png 300w, https:\/\/marathondelarochelle.com\/wp-content\/uploads\/2023\/12\/Concours-daffiche--1024x576.png 1024w, https:\/\/marathondelarochelle.com\/wp-content\/uploads\/2023\/12\/Concours-daffiche--768x432.png 768w, https:\/\/marathondelarochelle.com\/wp-content\/uploads\/2023\/12\/Concours-daffiche--1536x864.png 1536w, https:\/\/marathondelarochelle.com\/wp-content\/uploads\/2023\/12\/Concours-daffiche--18x10.png 18w, https:\/\/marathondelarochelle.com\/wp-content\/uploads\/2023\/12\/Concours-daffiche--150x85.png 150w, https:\/\/marathondelarochelle.com\/wp-content\/uploads\/2023\/12\/Concours-daffiche--600x338.png 600w, https:\/\/marathondelarochelle.com\/wp-content\/uploads\/2023\/12\/Concours-daffiche-.png 1920w\" sizes=\"(max-width: 300px) 100vw, 300px\" \/><\/div><\/a>\n\t\t\t\t<div class=\"elementor-post__badge\">Portraits<\/div>\n\t\t\t\t<div class=\"elementor-post__avatar\">\n\t\t\t\t\t<\/div>\n\t\t\t\t<div class=\"elementor-post__text\">\n\t\t\t\t<h3 class=\"elementor-post__title\">\n\t\t\t<a href=\"https:\/\/marathondelarochelle.com\/en\/concours-daffiche-2024\/\" target=&quot;_blank&quot;>\n\t\t\t\tConcours d&rsquo;affiches 2024\t\t\t<\/a>\n\t\t<\/h3>\n\t\t\n\t\t<a class=\"elementor-post__read-more\" href=\"https:\/\/marathondelarochelle.com\/en\/concours-daffiche-2024\/\" aria-label=\"Read more about Concours d&rsquo;affiches 2024\" tabindex=\"-1\" target=\"_blank\">\n\t\t\tLire l'article\t\t<\/a>\n\n\t\t\t\t<\/div>\n\t\t\t\t<div class=\"elementor-post__meta-data\">\n\t\t\t\t\t<span class=\"elementor-post-date\">\n\t\t\t7 December 2023\t\t<\/span>\n\t\t\t\t<\/div>\n\t\t\t\t\t<\/div>\n\t\t<\/article>\n\t\t\t\t<\/div>\n\t\t\n\t\t\t\t<div class=\"e-load-more-anchor\" data-page=\"1\" data-max-page=\"3\" data-next-page=\"https:\/\/marathondelarochelle.com\/en\/wp-json\/wp\/v2\/pages\/12239\/page\/2\/\"><\/div>\n\t\t\t\t<nav class=\"elementor-pagination\" aria-label=\"Pagination\">\n\t\t\t<span class=\"page-numbers prev\">&laquo; Pr\u00e9c\u00e9dent<\/span>\n<a class=\"page-numbers next\" href=\"https:\/\/marathondelarochelle.com\/en\/wp-json\/wp\/v2\/pages\/12239\/page\/2\/\">Suivant &raquo;<\/a>\t\t<\/nav>\n\t\t\t\t\t\t<\/div>\n\t\t\t\t<\/div>\n\t\t\t\t\t<\/div>\n\t\t<\/div>\n\t\t\t\t\t<\/div>\n\t\t<\/section>\n\t\t\t\t<\/div>\n\t\t","protected":false},"excerpt":{"rendered":"<p>BLOG<\/p>","protected":false},"author":4,"featured_media":0,"parent":0,"menu_order":0,"comment_status":"closed","ping_status":"closed","template":"elementor_header_footer","meta":{"footnotes":""},"categories":[20],"tags":[],"class_list":["post-12239","page","type-page","status-publish","hentry","category-lassociation"],"featured_image_src":null,"_links":{"self":[{"href":"https:\/\/marathondelarochelle.com\/en\/wp-json\/wp\/v2\/pages\/12239","targetHints":{"allow":["GET"]}}],"collection":[{"href":"https:\/\/marathondelarochelle.com\/en\/wp-json\/wp\/v2\/pages"}],"about":[{"href":"https:\/\/marathondelarochelle.com\/en\/wp-json\/wp\/v2\/types\/page"}],"author":[{"embeddable":true,"href":"https:\/\/marathondelarochelle.com\/en\/wp-json\/wp\/v2\/users\/4"}],"replies":[{"embeddable":true,"href":"https:\/\/marathondelarochelle.com\/en\/wp-json\/wp\/v2\/comments?post=12239"}],"version-history":[{"count":3,"href":"https:\/\/marathondelarochelle.com\/en\/wp-json\/wp\/v2\/pages\/12239\/revisions"}],"predecessor-version":[{"id":20970,"href":"https:\/\/marathondelarochelle.com\/en\/wp-json\/wp\/v2\/pages\/12239\/revisions\/20970"}],"wp:attachment":[{"href":"https:\/\/marathondelarochelle.com\/en\/wp-json\/wp\/v2\/media?parent=12239"}],"wp:term":[{"taxonomy":"category","embeddable":true,"href":"https:\/\/marathondelarochelle.com\/en\/wp-json\/wp\/v2\/categories?post=12239"},{"taxonomy":"post_tag","embeddable":true,"href":"https:\/\/marathondelarochelle.com\/en\/wp-json\/wp\/v2\/tags?post=12239"}],"curies":[{"name":"wp","href":"https:\/\/api.w.org\/{rel}","templated":true}]}}