{"id":12202,"date":"2022-07-27T10:45:26","date_gmt":"2022-07-27T08:45:26","guid":{"rendered":"https:\/\/marathondelarochelle.com\/?page_id=12202"},"modified":"2023-02-23T15:12:49","modified_gmt":"2023-02-23T14:12:49","slug":"politique-de-confidentialite","status":"publish","type":"page","link":"https:\/\/marathondelarochelle.com\/en\/politique-de-confidentialite\/","title":{"rendered":"Privacy policy"},"content":{"rendered":"\t\t<div data-elementor-type=\"wp-page\" data-elementor-id=\"12202\" class=\"elementor elementor-12202\" data-elementor-post-type=\"page\">\n\t\t\t\t\t\t<section class=\"elementor-section elementor-top-section elementor-element elementor-element-6b9257f elementor-section-boxed elementor-section-height-default elementor-section-height-default\" data-id=\"6b9257f\" data-element_type=\"section\" data-e-type=\"section\" data-settings=\"{&quot;jet_parallax_layout_list&quot;:[{&quot;jet_parallax_layout_image&quot;:{&quot;url&quot;:&quot;&quot;,&quot;id&quot;:&quot;&quot;,&quot;size&quot;:&quot;&quot;},&quot;_id&quot;:&quot;50625ca&quot;,&quot;jet_parallax_layout_image_tablet&quot;:{&quot;url&quot;:&quot;&quot;,&quot;id&quot;:&quot;&quot;,&quot;size&quot;:&quot;&quot;},&quot;jet_parallax_layout_image_mobile&quot;:{&quot;url&quot;:&quot;&quot;,&quot;id&quot;:&quot;&quot;,&quot;size&quot;:&quot;&quot;},&quot;jet_parallax_layout_speed&quot;:{&quot;unit&quot;:&quot;%&quot;,&quot;size&quot;:50,&quot;sizes&quot;:[]},&quot;jet_parallax_layout_type&quot;:&quot;scroll&quot;,&quot;jet_parallax_layout_direction&quot;:&quot;1&quot;,&quot;jet_parallax_layout_fx_direction&quot;:null,&quot;jet_parallax_layout_z_index&quot;:&quot;&quot;,&quot;jet_parallax_layout_bg_x&quot;:50,&quot;jet_parallax_layout_bg_x_tablet&quot;:&quot;&quot;,&quot;jet_parallax_layout_bg_x_mobile&quot;:&quot;&quot;,&quot;jet_parallax_layout_bg_y&quot;:50,&quot;jet_parallax_layout_bg_y_tablet&quot;:&quot;&quot;,&quot;jet_parallax_layout_bg_y_mobile&quot;:&quot;&quot;,&quot;jet_parallax_layout_bg_size&quot;:&quot;auto&quot;,&quot;jet_parallax_layout_bg_size_tablet&quot;:&quot;&quot;,&quot;jet_parallax_layout_bg_size_mobile&quot;:&quot;&quot;,&quot;jet_parallax_layout_animation_prop&quot;:&quot;transform&quot;,&quot;jet_parallax_layout_on&quot;:[&quot;desktop&quot;,&quot;tablet&quot;]}]}\">\n\t\t\t\t\t\t<div class=\"elementor-container elementor-column-gap-default\">\n\t\t\t\t\t<div class=\"elementor-column elementor-col-100 elementor-top-column elementor-element elementor-element-cdfd18a\" data-id=\"cdfd18a\" data-element_type=\"column\" data-e-type=\"column\">\n\t\t\t<div class=\"elementor-widget-wrap elementor-element-populated\">\n\t\t\t\t\t\t<div class=\"elementor-element elementor-element-cfd8e47 elementor-widget elementor-widget-heading\" data-id=\"cfd8e47\" data-element_type=\"widget\" data-e-type=\"widget\" data-widget_type=\"heading.default\">\n\t\t\t\t<div class=\"elementor-widget-container\">\n\t\t\t\t\t<h2 class=\"elementor-heading-title elementor-size-default\">Politique de confidentialit\u00e9<\/h2>\t\t\t\t<\/div>\n\t\t\t\t<\/div>\n\t\t\t\t\t<\/div>\n\t\t<\/div>\n\t\t\t\t\t<\/div>\n\t\t<\/section>\n\t\t\t\t<section class=\"elementor-section elementor-top-section elementor-element elementor-element-7a736c5 elementor-section-boxed elementor-section-height-default elementor-section-height-default\" data-id=\"7a736c5\" data-element_type=\"section\" data-e-type=\"section\" data-settings=\"{&quot;jet_parallax_layout_list&quot;:[{&quot;jet_parallax_layout_image&quot;:{&quot;url&quot;:&quot;&quot;,&quot;id&quot;:&quot;&quot;,&quot;size&quot;:&quot;&quot;},&quot;_id&quot;:&quot;72f7016&quot;,&quot;jet_parallax_layout_image_tablet&quot;:{&quot;url&quot;:&quot;&quot;,&quot;id&quot;:&quot;&quot;,&quot;size&quot;:&quot;&quot;},&quot;jet_parallax_layout_image_mobile&quot;:{&quot;url&quot;:&quot;&quot;,&quot;id&quot;:&quot;&quot;,&quot;size&quot;:&quot;&quot;},&quot;jet_parallax_layout_speed&quot;:{&quot;unit&quot;:&quot;%&quot;,&quot;size&quot;:50,&quot;sizes&quot;:[]},&quot;jet_parallax_layout_type&quot;:&quot;scroll&quot;,&quot;jet_parallax_layout_direction&quot;:&quot;1&quot;,&quot;jet_parallax_layout_fx_direction&quot;:null,&quot;jet_parallax_layout_z_index&quot;:&quot;&quot;,&quot;jet_parallax_layout_bg_x&quot;:50,&quot;jet_parallax_layout_bg_x_tablet&quot;:&quot;&quot;,&quot;jet_parallax_layout_bg_x_mobile&quot;:&quot;&quot;,&quot;jet_parallax_layout_bg_y&quot;:50,&quot;jet_parallax_layout_bg_y_tablet&quot;:&quot;&quot;,&quot;jet_parallax_layout_bg_y_mobile&quot;:&quot;&quot;,&quot;jet_parallax_layout_bg_size&quot;:&quot;auto&quot;,&quot;jet_parallax_layout_bg_size_tablet&quot;:&quot;&quot;,&quot;jet_parallax_layout_bg_size_mobile&quot;:&quot;&quot;,&quot;jet_parallax_layout_animation_prop&quot;:&quot;transform&quot;,&quot;jet_parallax_layout_on&quot;:[&quot;desktop&quot;,&quot;tablet&quot;]}]}\">\n\t\t\t\t\t\t<div class=\"elementor-container elementor-column-gap-default\">\n\t\t\t\t\t<div class=\"elementor-column elementor-col-100 elementor-top-column elementor-element elementor-element-df6d9ef\" data-id=\"df6d9ef\" data-element_type=\"column\" data-e-type=\"column\">\n\t\t\t<div class=\"elementor-widget-wrap elementor-element-populated\">\n\t\t\t\t\t\t<div class=\"elementor-element elementor-element-37ac136 elementor-widget elementor-widget-text-editor\" data-id=\"37ac136\" data-element_type=\"widget\" data-e-type=\"widget\" data-widget_type=\"text-editor.default\">\n\t\t\t\t<div class=\"elementor-widget-container\">\n\t\t\t\t\t\t\t\t\t<p><strong>Pr\u00e9ambule<\/strong><br \/>La pr\u00e9sente Politique de confidentialit\u00e9 est destin\u00e9e \u00e0 vous informer de la fa\u00e7on dont Le Marathon de La Rochelle Serge Vigot, association loi 1901, dont le si\u00e8ge social est situ\u00e9 2, perspective de l\u2019oc\u00e9an R\u00e9sidence Le Platin 17000 La Rochelle , collecte et traite vos Donn\u00e9es personnelles, pour son compte, dans le cadre de son activit\u00e9.<br \/>\u00c0 ce titre, Le Marathon de La Rochelle Serge Vigot est consid\u00e9r\u00e9 comme Responsable de traitement.<br \/><br \/><strong>1 \u2014 D\u00e9finitions<\/strong><br \/><strong>Donn\u00e9es \u00e0 caract\u00e8re personnel, ou Donn\u00e9es personnelles<\/strong>, d\u00e9signe toute information permettant d\u2019identifier, directement ou indirectement, une personne physique.<br \/><strong>Responsable du traitement<\/strong> d\u00e9signe la personne physique ou morale, l\u2019autorit\u00e9 publique, le service ou un autre organisme qui d\u00e9termine les finalit\u00e9s et les moyens du traitement.<br \/><strong>RGPD<\/strong> d\u00e9signe le R\u00e8glement G\u00e9n\u00e9ral sur la Protection des Donn\u00e9es entr\u00e9 en vigueur le 25 mai 2018.<br \/><strong>Traitement des Donn\u00e9es personnelles<\/strong> d\u00e9signe toute op\u00e9ration, ou ensemble d\u2019op\u00e9rations, portant sur de telles donn\u00e9es, quel que soit le proc\u00e9d\u00e9 utilis\u00e9 (collecte, enregistrement, organisation, conservation, adaptation, modification etc.).<br \/><strong>Sous-traitant<\/strong> d\u00e9signe la personne physique ou morale, l\u2019autorit\u00e9 publique, le service ou un autre organisme qui traite les donn\u00e9es \u00e0 caract\u00e8re personnel pour le compte du responsable du traitement.<br \/><br \/><strong>2 \u2014 Base l\u00e9gale du Traitement des Donn\u00e9es personnelles<\/strong><br \/>Avant toute collecte de Donn\u00e9es personnelles, et d\u00e8s lors que le traitement repose sur le consentement (ce qui est le cas pour toutes les Donn\u00e9es personnelles collect\u00e9es sur notre site Internet), nous recueillons votre consentement sous diff\u00e9rentes formes, via notamment les cases \u00e0 cocher, et nous vous informons, gr\u00e2ce \u00e0 cette Politique.<br \/>Vous avez la possibilit\u00e9 de retirer ce consentement \u00e0 tout moment en exer\u00e7ant vos droits conform\u00e9ment \u00e0 l\u2019article 10 de cette pr\u00e9sente Politique. Il vous sera \u00e9galement possible de vous d\u00e9sinscrire \u00e0 notre Newsletter gr\u00e2ce au lien de d\u00e9sabonnement int\u00e9gr\u00e9 dans le mail.<br \/>D\u00e8s lors qu\u2019une relation contractuelle est engag\u00e9e, et, si certains Traitements sont n\u00e9cessaires pour ex\u00e9cuter le contrat, alors la base l\u00e9gale de ces Traitements sera l\u2019ex\u00e9cution du contrat.<br \/>Enfin, certains Traitements reposent sur l\u2019int\u00e9r\u00eat l\u00e9gitime poursuivi par Le Marathon de La Rochelle Serge Vigot, \u00e0 la seule condition que les int\u00e9r\u00eats et les droits de la personne concern\u00e9e par le Traitement ne soient pas sup\u00e9rieurs.<br \/><br \/><strong>3 \u2014 Nature des Donn\u00e9es personnelles collect\u00e9es<\/strong><br \/>Nous collectons des Donn\u00e9es personnelles \u00e0 partir des informations que vous nous communiquez sur notre site Internet , marathondelarochelle.com notamment les formulaires de mise en relation, l\u2019inscription \u00e0 la newsletter) :<br \/>Nom et pr\u00e9nom. <br \/>Adresse mail. <br \/>Num\u00e9ro de t\u00e9l\u00e9phone. <br \/>Nom de la soci\u00e9t\u00e9. <br \/>CV et lettre de motivation en cas de candidature. <br \/>Nous collectons \u00e9galement des Donn\u00e9es personnelles lors de nos \u00e9changes par mail, t\u00e9l\u00e9phone ou courrier. Dans ces cas, les Donn\u00e9es personnelles collect\u00e9es peuvent \u00eatre similaires \u00e0 celles collect\u00e9es via les formulaires, peuvent aussi \u00eatre collect\u00e9es les Donn\u00e9es suivantes :<br \/>Fonction dans l\u2019entreprise <br \/>En cas de relation commerciale, l\u2019historique des \u00e9changes etc. <br \/>En cas de recrutement, toutes les Donn\u00e9es n\u00e9cessaires \u00e0 l\u2019\u00e9tablissement du contrat de travail, \u00e0 la r\u00e9mun\u00e9ration du salari\u00e9, etc. <br \/>Nous collectons des donn\u00e9es gr\u00e2ce aux cookies ou autres traceurs que nous pouvons d\u00e9poser sur votre navigateur. Ces cookies nous permettent de collecter certaines informations concernant votre appareil et votre navigation sur notre site Internet (plus d\u2019informations \u00e0 l\u2019article 7 de cette Politique).<br \/>Dans tous les cas, les Donn\u00e9es \u00e0 caract\u00e8re personnel ne sont collect\u00e9es qu\u2019au regard des finalit\u00e9s d\u00e9crites ci-apr\u00e8s.<br \/><br \/><strong>4 \u2014 Finalit\u00e9s des traitements<\/strong><br \/>Les informations collect\u00e9es nous permettent notamment de :<br \/>De g\u00e9rer les inscriptions aux diff\u00e9rentes courses. <br \/>De vous recontacter \u00e0 la suite de vos demandes de contact, d\u2019informations, et ce, par mail, t\u00e9l\u00e9phone ou autre moyen de communication. <br \/>De g\u00e9rer la relation commerciale ou professionnelle qui pourrait en d\u00e9couler. <br \/>De vous envoyer notre Newsletter. <br \/>De vous contacter en cas de candidature.<\/p><p><strong>5 \u2014 Dur\u00e9e de conservation des Donn\u00e9es personnelles<\/strong><br \/>Nous conservons les Donn\u00e9es personnelles que vous nous communiquez pour la dur\u00e9e n\u00e9cessaire \u00e0 la r\u00e9alisation des services, c\u2019est-\u00e0-dire :<br \/>3 ans \u00e0 compter du dernier contact s\u2019agissant d\u2019un prospect. <br \/>5 ans \u00e0 compter de l&rsquo;inscription \u00e0 une course<br \/><br \/><strong>6 \u2014 Destinataire des Donn\u00e9es \u00e0 caract\u00e8re personnel<\/strong><br \/>Les Donn\u00e9es collect\u00e9es par Le Marathon de La Rochelle Serge Vigot sont exploit\u00e9es par les personnes habilit\u00e9es au sein de la soci\u00e9t\u00e9 et notamment, par le responsable d\u00e9veloppement et l\u00a0&lsquo;assistante administrative..<br \/>Ces informations peuvent \u00eatre transmises \u00e0 nos Sous-traitants qui assurent des prestations pour notre compte et notamment : pour l\u2019envoi de newsletters, pour mesurer l\u2019audience du site internet, mais uniquement dans la limite n\u00e9cessaire \u00e0 l\u2019accomplissement des t\u00e2ches que nous leur confions. Nous nous engageons \u00e0 contr\u00f4ler ces Sous-traitants afin de vous garantir la s\u00e9curit\u00e9 et la confidentialit\u00e9 de vos Donn\u00e9es personnelles.<br \/><br \/><strong>7 \u2014 Cookies ou autres traceurs<\/strong><br \/>Les cookies sont des petits fichiers d\u00e9pos\u00e9s sur le disque dur de votre terminal (ordinateur, tablette, t\u00e9l\u00e9phone mobile etc.) par le serveur du site ou de l\u2019application que vous visitez. Gr\u00e2ce \u00e0 ces cookies, des Donn\u00e9es sur votre visite sont collect\u00e9es (et notamment votre adresse IP).<br \/>Sur ses sites marathondelarochelle.com, le Marathon de La Rochelle Serge Vigot utilise :<br \/>Des cookies d\u2019analyse (Google Analytics) : ils collectent des informations \u00e0 propos de votre parcours sur notre site Internet. Ces donn\u00e9es vont nous permettre d\u2019\u00e9tablir des statistiques.<\/p><p>Nous conservons ces donn\u00e9es pendant 13 mois maximum.<br \/>Vous pouvez g\u00e9rer ces cookies en suivant les instructions de la CNIL d\u00e9crites sur la page suivante : https:\/\/www.cnil.fr\/fr\/cookies-les-outils-pour-les-maitriser<br \/><br \/><strong>8 \u2014 H\u00e9bergement<\/strong><br \/>Vos donn\u00e9es personnelles sont h\u00e9berg\u00e9es soit dans nos bases de donn\u00e9es, soit dans celles de nos prestataires de services, lesquels sont situ\u00e9s au sein de l\u2019Union Europ\u00e9enne.<br \/><br \/><strong>9 \u2014 S\u00e9curit\u00e9 des Donn\u00e9es \u00e0 caract\u00e8re personnel<\/strong><br \/>L&rsquo;association Le Marathon de La Rochelle Serge Vigot veille \u00e0 prot\u00e9ger et s\u00e9curiser les donn\u00e9es que vous nous communiquez. Nous avons mis en place des mesures de protection physiques, \u00e9lectroniques, et organisationnelles pour pr\u00e9venir toute perte, acc\u00e8s, mauvaise utilisation, diffusion non autoris\u00e9e de vos donn\u00e9es personnelles.<br \/><br \/><strong>10 \u2014 Droits des titulaires et leur exercice<\/strong><br \/>En tant que personne concern\u00e9e par le traitement, vous disposez, \u00e0 tout moment, des droits suivants :<br \/><strong>Un droit d\u2019acc\u00e8s :<\/strong> vous recevrez une copie de toutes les Donn\u00e9es personnelles que Le Marathon de La Rochelle Serge Vigot d\u00e9tient sur vous. <br \/><strong>Un droit de rectification :<\/strong> vous demandez au Marathon de La Rochelle Serge Vigot de modifier toute Donn\u00e9e personnelle qui serait inexacte. <br \/><strong>Un droit d\u2019effacement :<\/strong> vous demandez au Marathon de La Rochelle Serge Vigot d\u2019effacer tout ou partie des Donn\u00e9es personnelles vous concernant. <br \/><strong>Un droit d\u2019opposition au Traitement :<\/strong> lorsqu\u2019il existe des motifs l\u00e9gitimes, vous pouvez vous opposer \u00e0 un traitement fond\u00e9 sur l\u2019ex\u00e9cution d\u2019une mission d\u2019int\u00e9r\u00eat public ou sur l\u2019int\u00e9r\u00eat l\u00e9gitime du Marathon de La Rochelle Serge Vigot ou lorsque les Donn\u00e9es personnelles sont trait\u00e9es \u00e0 des fins de prospection, \u00e0 moins que Le Marathon de La Rochelle Serge Vigot ne d\u00e9montre des motifs l\u00e9gitimes sup\u00e9rieurs. <br \/><strong>Un droit de limitation du traitement :<\/strong> ce droit compl\u00e8te vos autres droits. Lorsque vous contestez l\u2019exactitude des Donn\u00e9es personnelles ou la lic\u00e9it\u00e9 du traitement ou que vous vous opposez \u00e0 un Traitement, Le Marathon de La Rochelle Serge Vigot proc\u00e8de \u00e0 un examen de votre demande. Pendant ce d\u00e9lai, vous pouvez demander \u00e0 Le Marathon de La Rochelle Serge Vigot de limiter le traitement c\u2019est-\u00e0-dire, qu\u2019\u00e0 l\u2019exception leur conservation, vos Donn\u00e9es personnelles ne seront plus trait\u00e9es pendant ce d\u00e9lai. <br \/><strong>Un droit \u00e0 la portabilit\u00e9 :<\/strong> vous demandez au Marathon de La Rochelle Serge Vigot toutes les Donn\u00e9es personnelles vous concernant afin de les transmettre \u00e0 un autre Responsable de traitement. <br \/><strong>Le droit d\u2019introduire une r\u00e9clamation<\/strong> aupr\u00e8s de l\u2019autorit\u00e9 de contr\u00f4le comp\u00e9tence si vous consid\u00e9rez que vos droits ne sont pas respect\u00e9s. <br \/><strong>Le droit d\u2019\u00eatre inform\u00e9 des Traitements de Donn\u00e9es personnelles r\u00e9alis\u00e9s<\/strong>. <br \/><strong>Le droit d\u2019\u00eatre inform\u00e9 en cas de violation des Donn\u00e9es personnelles<\/strong> comportant un risque \u00e9lev\u00e9 pour les droits et les libert\u00e9s des personnes concern\u00e9es. <br \/>Pour l\u2019exercice d\u2019un ou de plusieurs de ces droits, veuillez nous contacter par mail \u00e0 l\u2019adresse \u00e9lectronique suivante : info@marathondelarochelle.com. Votre demande sera trait\u00e9e dans un d\u00e9lai d\u2019un mois \u00e0 compter de sa r\u00e9ception (d\u00e9lai qui peut \u00eatre augment\u00e9 selon la complexit\u00e9 de la demande).<br \/>En principe, aucun paiement ne sera exig\u00e9. En revanche, si les demandes paraissent manifestement excessives ou infond\u00e9es, Le Marathon de La Rochelle Serge Vigot se r\u00e9serve le droit soit de ne pas donner suite \u00e0 votre demande, soit d\u2019exiger un paiement fond\u00e9 sur le co\u00fbt support\u00e9 pour fournir les informations.<br \/><br \/><strong>11 \u2014 Modification de ce document<\/strong><br \/>Ce document est susceptible d\u2019\u00eatre mis \u00e0 jour afin de tenir compte des \u00e9volutions dans le contenu des services propos\u00e9s. Nous vous recommandons donc de consulter r\u00e9guli\u00e8rement cette page afin de vous tenir inform\u00e9s des conditions dans lesquelles nous traitons vos Donn\u00e9es personnelles.<br \/>\u00a0<br \/>Nous collectons et traitons vos donn\u00e9es sur ce site pour mieux comprendre comment elles sont utilis\u00e9es. Nous vous demandons toujours votre consentement pour le faire.<\/p>\t\t\t\t\t\t\t\t<\/div>\n\t\t\t\t<\/div>\n\t\t\t\t\t<\/div>\n\t\t<\/div>\n\t\t\t\t\t<\/div>\n\t\t<\/section>\n\t\t\t\t<\/div>\n\t\t","protected":false},"excerpt":{"rendered":"<p>Politique de confidentialit\u00e9 Pr\u00e9ambuleLa pr\u00e9sente Politique de confidentialit\u00e9 est destin\u00e9e \u00e0 vous informer de la fa\u00e7on dont Le Marathon de La Rochelle Serge Vigot, association loi 1901, dont le si\u00e8ge social est situ\u00e9 2, perspective de l\u2019oc\u00e9an R\u00e9sidence Le Platin 17000 La Rochelle , collecte et traite vos Donn\u00e9es personnelles, pour son compte, dans le [&hellip;]<\/p>\n","protected":false},"author":1,"featured_media":0,"parent":0,"menu_order":0,"comment_status":"closed","ping_status":"closed","template":"elementor_header_footer","meta":{"footnotes":""},"categories":[],"tags":[],"class_list":["post-12202","page","type-page","status-publish","hentry"],"featured_image_src":null,"_links":{"self":[{"href":"https:\/\/marathondelarochelle.com\/en\/wp-json\/wp\/v2\/pages\/12202","targetHints":{"allow":["GET"]}}],"collection":[{"href":"https:\/\/marathondelarochelle.com\/en\/wp-json\/wp\/v2\/pages"}],"about":[{"href":"https:\/\/marathondelarochelle.com\/en\/wp-json\/wp\/v2\/types\/page"}],"author":[{"embeddable":true,"href":"https:\/\/marathondelarochelle.com\/en\/wp-json\/wp\/v2\/users\/1"}],"replies":[{"embeddable":true,"href":"https:\/\/marathondelarochelle.com\/en\/wp-json\/wp\/v2\/comments?post=12202"}],"version-history":[{"count":0,"href":"https:\/\/marathondelarochelle.com\/en\/wp-json\/wp\/v2\/pages\/12202\/revisions"}],"wp:attachment":[{"href":"https:\/\/marathondelarochelle.com\/en\/wp-json\/wp\/v2\/media?parent=12202"}],"wp:term":[{"taxonomy":"category","embeddable":true,"href":"https:\/\/marathondelarochelle.com\/en\/wp-json\/wp\/v2\/categories?post=12202"},{"taxonomy":"post_tag","embeddable":true,"href":"https:\/\/marathondelarochelle.com\/en\/wp-json\/wp\/v2\/tags?post=12202"}],"curies":[{"name":"wp","href":"https:\/\/api.w.org\/{rel}","templated":true}]}}