{"id":12191,"date":"2022-07-27T10:02:56","date_gmt":"2022-07-27T08:02:56","guid":{"rendered":"https:\/\/marathondelarochelle.com\/?page_id=12191"},"modified":"2024-03-08T16:21:16","modified_gmt":"2024-03-08T15:21:16","slug":"mentions-legales","status":"publish","type":"page","link":"https:\/\/marathondelarochelle.com\/en\/mentions-legales\/","title":{"rendered":"Legal notices"},"content":{"rendered":"\t\t<div data-elementor-type=\"wp-page\" data-elementor-id=\"12191\" class=\"elementor elementor-12191\" data-elementor-post-type=\"page\">\n\t\t\t\t\t\t<section class=\"elementor-section elementor-top-section elementor-element elementor-element-7b31540 elementor-section-boxed elementor-section-height-default elementor-section-height-default\" data-id=\"7b31540\" data-element_type=\"section\" data-e-type=\"section\" data-settings=\"{&quot;jet_parallax_layout_list&quot;:[{&quot;jet_parallax_layout_image&quot;:{&quot;url&quot;:&quot;&quot;,&quot;id&quot;:&quot;&quot;,&quot;size&quot;:&quot;&quot;},&quot;_id&quot;:&quot;7f96a0f&quot;,&quot;jet_parallax_layout_image_tablet&quot;:{&quot;url&quot;:&quot;&quot;,&quot;id&quot;:&quot;&quot;,&quot;size&quot;:&quot;&quot;},&quot;jet_parallax_layout_image_mobile&quot;:{&quot;url&quot;:&quot;&quot;,&quot;id&quot;:&quot;&quot;,&quot;size&quot;:&quot;&quot;},&quot;jet_parallax_layout_speed&quot;:{&quot;unit&quot;:&quot;%&quot;,&quot;size&quot;:50,&quot;sizes&quot;:[]},&quot;jet_parallax_layout_type&quot;:&quot;scroll&quot;,&quot;jet_parallax_layout_direction&quot;:&quot;1&quot;,&quot;jet_parallax_layout_fx_direction&quot;:null,&quot;jet_parallax_layout_z_index&quot;:&quot;&quot;,&quot;jet_parallax_layout_bg_x&quot;:50,&quot;jet_parallax_layout_bg_x_tablet&quot;:&quot;&quot;,&quot;jet_parallax_layout_bg_x_mobile&quot;:&quot;&quot;,&quot;jet_parallax_layout_bg_y&quot;:50,&quot;jet_parallax_layout_bg_y_tablet&quot;:&quot;&quot;,&quot;jet_parallax_layout_bg_y_mobile&quot;:&quot;&quot;,&quot;jet_parallax_layout_bg_size&quot;:&quot;auto&quot;,&quot;jet_parallax_layout_bg_size_tablet&quot;:&quot;&quot;,&quot;jet_parallax_layout_bg_size_mobile&quot;:&quot;&quot;,&quot;jet_parallax_layout_animation_prop&quot;:&quot;transform&quot;,&quot;jet_parallax_layout_on&quot;:[&quot;desktop&quot;,&quot;tablet&quot;]}]}\">\n\t\t\t\t\t\t<div class=\"elementor-container elementor-column-gap-default\">\n\t\t\t\t\t<div class=\"elementor-column elementor-col-100 elementor-top-column elementor-element elementor-element-fc1c20e\" data-id=\"fc1c20e\" data-element_type=\"column\" data-e-type=\"column\">\n\t\t\t<div class=\"elementor-widget-wrap elementor-element-populated\">\n\t\t\t\t\t\t<div class=\"elementor-element elementor-element-fdde4ad elementor-widget elementor-widget-heading\" data-id=\"fdde4ad\" data-element_type=\"widget\" data-e-type=\"widget\" data-widget_type=\"heading.default\">\n\t\t\t\t<div class=\"elementor-widget-container\">\n\t\t\t\t\t<h2 class=\"elementor-heading-title elementor-size-default\">Mentions l\u00e9gales<\/h2>\t\t\t\t<\/div>\n\t\t\t\t<\/div>\n\t\t\t\t\t<\/div>\n\t\t<\/div>\n\t\t\t\t\t<\/div>\n\t\t<\/section>\n\t\t\t\t<section class=\"elementor-section elementor-top-section elementor-element elementor-element-df55ea3 elementor-section-boxed elementor-section-height-default elementor-section-height-default\" data-id=\"df55ea3\" data-element_type=\"section\" data-e-type=\"section\" data-settings=\"{&quot;jet_parallax_layout_list&quot;:[{&quot;jet_parallax_layout_image&quot;:{&quot;url&quot;:&quot;&quot;,&quot;id&quot;:&quot;&quot;,&quot;size&quot;:&quot;&quot;},&quot;_id&quot;:&quot;bbe9119&quot;,&quot;jet_parallax_layout_image_tablet&quot;:{&quot;url&quot;:&quot;&quot;,&quot;id&quot;:&quot;&quot;,&quot;size&quot;:&quot;&quot;},&quot;jet_parallax_layout_image_mobile&quot;:{&quot;url&quot;:&quot;&quot;,&quot;id&quot;:&quot;&quot;,&quot;size&quot;:&quot;&quot;},&quot;jet_parallax_layout_speed&quot;:{&quot;unit&quot;:&quot;%&quot;,&quot;size&quot;:50,&quot;sizes&quot;:[]},&quot;jet_parallax_layout_type&quot;:&quot;scroll&quot;,&quot;jet_parallax_layout_direction&quot;:&quot;1&quot;,&quot;jet_parallax_layout_fx_direction&quot;:null,&quot;jet_parallax_layout_z_index&quot;:&quot;&quot;,&quot;jet_parallax_layout_bg_x&quot;:50,&quot;jet_parallax_layout_bg_x_tablet&quot;:&quot;&quot;,&quot;jet_parallax_layout_bg_x_mobile&quot;:&quot;&quot;,&quot;jet_parallax_layout_bg_y&quot;:50,&quot;jet_parallax_layout_bg_y_tablet&quot;:&quot;&quot;,&quot;jet_parallax_layout_bg_y_mobile&quot;:&quot;&quot;,&quot;jet_parallax_layout_bg_size&quot;:&quot;auto&quot;,&quot;jet_parallax_layout_bg_size_tablet&quot;:&quot;&quot;,&quot;jet_parallax_layout_bg_size_mobile&quot;:&quot;&quot;,&quot;jet_parallax_layout_animation_prop&quot;:&quot;transform&quot;,&quot;jet_parallax_layout_on&quot;:[&quot;desktop&quot;,&quot;tablet&quot;]}]}\">\n\t\t\t\t\t\t<div class=\"elementor-container elementor-column-gap-default\">\n\t\t\t\t\t<div class=\"elementor-column elementor-col-100 elementor-top-column elementor-element elementor-element-c576c5b\" data-id=\"c576c5b\" data-element_type=\"column\" data-e-type=\"column\">\n\t\t\t<div class=\"elementor-widget-wrap elementor-element-populated\">\n\t\t\t\t\t\t<div class=\"elementor-element elementor-element-bb26397 elementor-widget elementor-widget-text-editor\" data-id=\"bb26397\" data-element_type=\"widget\" data-e-type=\"widget\" data-widget_type=\"text-editor.default\">\n\t\t\t\t<div class=\"elementor-widget-container\">\n\t\t\t\t\t\t\t\t\t<p><strong>Pr\u00e9sentation du site<\/strong><br \/>Conform\u00e9ment aux dispositions des articles 6-III et 19 de la Loi n\u00b0 2004-575 du 21 juin 2004 pour la Confiance dans l\u2019\u00e9conomie num\u00e9rique, dite L.C.E.N., nous portons \u00e0 la connaissance des utilisateurs et visiteurs du site marathondelarochelle.com les informations suivantes :<\/p><p><strong>Nom de la Soci\u00e9t\u00e9 :<\/strong> <br \/>Marathon de La Rochelle Serge Vigot<br \/>2, perspective de l\u2019oc\u00e9an<br \/>R\u00e9sidence Le Platin<br \/>17000 La Rochelle <br \/>T\u00e9l : 05 46 44 42 19<\/p><p><strong>Le cr\u00e9ateur de ce site Internet est :<\/strong><br \/>Eponim<br \/>157 avenue de Limoges<br \/>79000 Niort<br \/>T\u00e9l. : 06 81 00 35 99<br \/>E-mail : contact@eponim.com<\/p><p><strong>La responsable de la publication est :<\/strong> Nicolas Mauny<br \/>Le responsable de la publication est une personne physique<\/p><p><strong>L\u2019h\u00e9bergeur de ce site est :<\/strong> <br \/><a href=\"https:\/\/datacampus.fr\/\" target=\"_blank\" rel=\"noopener\">Datacampus Technop\u00f4le du Futuroscope 86360 Futuroscope Chasseneuil<\/a><\/p><p><strong>Conditions g\u00e9n\u00e9rales d\u2019utilisation du site et des services propos\u00e9s<\/strong><br \/>L\u2019utilisation du site marathondelarochelle.com implique l\u2019acceptation pleine et enti\u00e8re des conditions g\u00e9n\u00e9rales d\u2019utilisation d\u00e9crites ci-apr\u00e8s. Ces conditions d\u2019utilisation sont susceptibles d\u2019\u00eatre modifi\u00e9es ou compl\u00e9t\u00e9es \u00e0 tout moment, sans pr\u00e9avis, aussi les utilisateurs du site marathondelarochelle.com sont invit\u00e9s \u00e0 les consulter de mani\u00e8re r\u00e9guli\u00e8re.<br \/>Le site marathondelarochelle.com est par principe accessible aux utilisateurs 24\/24h, 7\/7j, sauf interruption, programm\u00e9e ou non, pour les besoins de sa maintenance ou cas de force majeure. En cas d\u2019impossibilit\u00e9 d\u2019acc\u00e8s au service, marathondelarochelle.com s\u2019engage \u00e0 faire son maximum afin de r\u00e9tablir l\u2019acc\u00e8s au service et s\u2019efforcera alors de communiquer pr\u00e9alablement aux utilisateurs les dates et heures de l\u2019intervention. N\u2019\u00e9tant soumis qu\u2019\u00e0 une obligation de moyen, marathondelarochelle.com ne saurait \u00eatre tenu pour responsable de tout dommage, quelle qu\u2019en soit la nature, r\u00e9sultant d\u2019une indisponibilit\u00e9 du service. Le site marathondelarochelle.com est mis \u00e0 jour r\u00e9guli\u00e8rement par le propri\u00e9taire du site. De la m\u00eame fa\u00e7on, les mentions l\u00e9gales peuvent \u00eatre modifi\u00e9es \u00e0 tout moment, sans pr\u00e9avis et s\u2019imposent \u00e0 l\u2019utilisateur sans r\u00e9serve. L\u2019utilisateur est r\u00e9put\u00e9 les accepter sans r\u00e9serve et s\u2019y r\u00e9f\u00e9rer r\u00e9guli\u00e8rement pour prendre connaissance des modifications.<\/p><p>En continuant \u00e0 utiliser les Services du site marathondelarochelle.com, l\u2019utilisateur reconna\u00eet accepter les modifications des conditions g\u00e9n\u00e9rales qui seraient intervenues.<\/p><p><strong>Description des services fournis<\/strong><br \/>Le site marathondelarochelle.com a pour objet de fournir une information concernant l\u2019ensemble des activit\u00e9s de l&rsquo;association. Le propri\u00e9taire du site s\u2019efforce de fournir sur le site marathondelarochelle.com des informations aussi pr\u00e9cises que possible. Toutefois, il ne pourra \u00eatre tenue responsable des omissions, des inexactitudes et des carences dans la mise \u00e0 jour, qu\u2019elles soient de son fait ou du fait des tiers partenaires qui lui fournissent ces informations. Tous les informations propos\u00e9es sur le site marathondelarochelle.com sont donn\u00e9es \u00e0 titre indicatif, sont non exhaustives, et sont susceptibles d\u2019\u00e9voluer. Elles sont donn\u00e9es sous r\u00e9serve de modifications ayant \u00e9t\u00e9 apport\u00e9es depuis leur mise en ligne.<\/p><p><strong>Limites de responsabilit\u00e9<\/strong><br \/>Le site marathondelarochelle.com utilise la technologie php. Le site marathondelarochelle.com ne saurait \u00eatre tenu responsable des erreurs typographiques ou inexactitudes apparaissant sur le service, ou de quelque dommage subi r\u00e9sultant de son utilisation. L\u2019utilisateur reste responsable de son \u00e9quipement et de son utilisation, de m\u00eame il supporte seul les co\u00fbts directs ou indirects suite \u00e0 sa connexion \u00e0 Internet. L\u2019utilisateur du site marathondelarochelle.com s\u2019engage \u00e0 acc\u00e9der \u00e0 celui-ci en utilisant un mat\u00e9riel r\u00e9cent, ne contenant pas de virus et avec un navigateur de derni\u00e8re g\u00e9n\u00e9ration mise \u00e0 jour. L\u2019utilisateur d\u00e9gage la responsabilit\u00e9 de marathondelarochelle.com pour tout pr\u00e9judice qu\u2019il pourrait subir ou faire subir, directement ou indirectement, du fait des services propos\u00e9s. Seule la responsabilit\u00e9 de l\u2019utilisateur est engag\u00e9e par l\u2019utilisation du service propos\u00e9 et celui-ci d\u00e9gage express\u00e9ment le site marathondelarochelle.com de toute responsabilit\u00e9 vis-\u00e0-vis de tiers.<\/p><p>Le propri\u00e9taire du site se r\u00e9serve la possibilit\u00e9 de mettre en cause la responsabilit\u00e9 civile et\/ou p\u00e9nale de l\u2019utilisateur, notamment en cas de message \u00e0 caract\u00e8re raciste, injurieux, diffamant, ou pornographique, quel que soit le support utilis\u00e9 (texte, photographie\u2026). Il est ici rappel\u00e9 que les d\u00e9veloppeurs du site marathondelarochelle.com gardent trace de l\u2019adresse IP de l\u2019utilisateur. En cons\u00e9quence, il doit \u00eatre conscient qu\u2019en cas d\u2019injonction de l\u2019autorit\u00e9 judiciaire il peut \u00eatre retrouv\u00e9 et poursuivi.<\/p><p><strong>Propri\u00e9t\u00e9 intellectuelle et contrefa\u00e7ons<\/strong><br \/>Le propri\u00e9taire du site est propri\u00e9taire des droits de propri\u00e9t\u00e9 intellectuelle ou d\u00e9tient les droits d\u2019usage sur tous les \u00e9l\u00e9ments accessibles sur le site, notamment les textes, images, graphismes, logo, ic\u00f4nes, sons, logiciels\u2026 Toute reproduction, repr\u00e9sentation, modification, publication, adaptation totale ou partielle des \u00e9l\u00e9ments du site, quel que soit le moyen ou le proc\u00e9d\u00e9 utilis\u00e9, est interdite, sauf autorisation \u00e9crite pr\u00e9alable \u00e0 l\u2019email : info@marathondelarochelle.com. Toute exploitation non autoris\u00e9e du site ou de l\u2019un quelconque de ces \u00e9l\u00e9ments qu\u2019il contient sera consid\u00e9r\u00e9e comme constitutive d\u2019une contrefa\u00e7on et poursuivie conform\u00e9ment aux dispositions des articles L.335-2 et suivants du Code de Propri\u00e9t\u00e9 Intellectuelle.<\/p><p><strong>Liens hypertextes et cookies<\/strong><br \/>Le site marathondelarochelle.com contient un certain nombre de liens hypertextes vers d\u2019autres sites (partenaires, informations \u2026) mis en place avec l\u2019autorisation du propri\u00e9taire du site. Cependant, le propri\u00e9taire du site n\u2019a pas la possibilit\u00e9 de v\u00e9rifier le contenu des sites ainsi visit\u00e9s et d\u00e9cline donc toute responsabilit\u00e9 de ce fait quand aux risques \u00e9ventuels de contenus illicites. L\u2019utilisateur est inform\u00e9 que lors de ses visites sur le site marathondelarochelle.com un ou des cookies sont susceptibles de s\u2019installer automatiquement sur son ordinateur. Un cookie est un fichier de petite taille, qui ne permet pas l\u2019identification de l\u2019utilisateur, mais qui enregistre des informations relatives \u00e0 la navigation d\u2019un ordinateur sur un site. Les donn\u00e9es ainsi obtenues visent \u00e0 faciliter la navigation ult\u00e9rieure sur le site, et ont \u00e9galement vocation \u00e0 permettre diverses mesures de fr\u00e9quentation.<\/p><p>Le param\u00e9trage du logiciel de navigation permet d\u2019informer de la pr\u00e9sence de cookie et \u00e9ventuellement, de refuser de la mani\u00e8re d\u00e9crite \u00e0 l\u2019adresse suivante : www.cnil.fr<\/p><p>Le refus d\u2019installation d\u2019un cookie peut entra\u00eener l\u2019impossibilit\u00e9 d\u2019acc\u00e9der \u00e0 certains services. L\u2019utilisateur peut toutefois configurer son ordinateur de la mani\u00e8re suivante, pour refuser l\u2019installation des cookies :<br \/>Sous Internet Explorer : onglet outil \/ options internet. Cliquez sur Confidentialit\u00e9 et choisissez Bloquer tous les cookies. Validez sur Ok.<br \/>Sous Netscape : onglet \u00e9dition \/ pr\u00e9f\u00e9rences. Cliquez sur Avanc\u00e9es et choisissez D\u00e9sactiver les cookies. Validez sur Ok.<br \/>Sous Firefox : onglet outil \/ options \/ vie Priv\u00e9e. Dans la partie Historique, choisissez \u00ab\u00a0utiliser les param\u00e8tres personnalis\u00e9s pour l&rsquo;historique\u00a0\u00bb puis d\u00e9cochez \u00ab\u00a0accepter les cookies\u00a0\u00bb. Validez sur OK<br \/>Sous Chrome : Menu Google Chrome \/ Param\u00e8tres \/ Afficher les param\u00e8tres avanc\u00e9s en bas de page \/ Cliquer sur \u00a0\u00bb param\u00e8tres de contenue\u00a0\u00bb \/ cocher : Bloquer tous les cookies tiers sans exception. Validez sur OK<\/p><p><strong>Droit applicable et attribution de juridiction<\/strong><\/p><p>Tout litige en relation avec l\u2019utilisation du site marathondelarochelle.com est soumis au droit fran\u00e7ais. L\u2019utilisateur ainsi que le marathon de La Rochelle Serge vIgot acceptent de se soumettre \u00e0 la comp\u00e9tence exclusive des tribunaux Fran\u00e7ais en cas de litige.<br \/>Protection des biens et des personnes \u2013 gestion des donn\u00e9es personnelles<br \/><strong>Utilisateur :<\/strong> Internaute se connectant, utilisant le site susnomm\u00e9 : marathondelarochelle.com<br \/>En France, les donn\u00e9es personnelles sont notamment prot\u00e9g\u00e9es par la loi n\u00b0 78-87 du 6 janvier 1978, la loi n\u00b0 2004-801 du 6 ao\u00fbt 2004, l\u2019article L. 226-13 du Code p\u00e9nal et la Directive Europ\u00e9enne du 24 octobre 1995.<\/p><p>Sur le site marathondelarochelle.com le propri\u00e9taire du site ne collecte des informations personnelles relatives \u00e0 l\u2019utilisateur que pour le besoin de certains services propos\u00e9s par le site marathondelarochelle.com. L\u2019utilisateur fournit ces informations en toute connaissance de cause, notamment lorsqu\u2019il proc\u00e8de par lui-m\u00eame \u00e0 leur saisie. Il est alors pr\u00e9cis\u00e9 \u00e0 l\u2019utilisateur du site marathondelarochelle.com l\u2019obligation ou non de fournir ces informations. Conform\u00e9ment aux dispositions des articles 38 et suivants de la loi 78-17 du 6 janvier 1978 relative \u00e0 l\u2019informatique, aux fichiers et aux libert\u00e9s, tout utilisateur dispose d\u2019un droit d\u2019acc\u00e8s, de rectification, de suppression et d\u2019opposition aux donn\u00e9es personnelles le concernant. Pour l\u2019exercer, adressez votre demande \u00e0 info@marathondelarochelle.com par email\u00a0 ou en effectuant sa demande \u00e9crite et sign\u00e9e, accompagn\u00e9e d\u2019une copie du titre d\u2019identit\u00e9 avec signature du titulaire de la pi\u00e8ce, en pr\u00e9cisant l\u2019adresse \u00e0 laquelle la r\u00e9ponse doit \u00eatre envoy\u00e9e.<\/p><p>Aucune information personnelle de l\u2019utilisateur du site marathondelarochelle.com n\u2019est publi\u00e9e \u00e0 l\u2019insu de l\u2019utilisateur, \u00e9chang\u00e9e, transf\u00e9r\u00e9e, c\u00e9d\u00e9e ou vendue sur un support quelconque \u00e0 des tiers.<\/p><p>Les bases de donn\u00e9es sont prot\u00e9g\u00e9es par les dispositions de la loi du 1er juillet 1998 transposant la directive 96\/9 du 11 mars 1996 relative \u00e0 la protection juridique des bases de donn\u00e9es.<\/p>\t\t\t\t\t\t\t\t<\/div>\n\t\t\t\t<\/div>\n\t\t\t\t\t<\/div>\n\t\t<\/div>\n\t\t\t\t\t<\/div>\n\t\t<\/section>\n\t\t\t\t<\/div>\n\t\t","protected":false},"excerpt":{"rendered":"<p>Mentions l\u00e9gales Pr\u00e9sentation du siteConform\u00e9ment aux dispositions des articles 6-III et 19 de la Loi n\u00b0 2004-575 du 21 juin 2004 pour la Confiance dans l\u2019\u00e9conomie num\u00e9rique, dite L.C.E.N., nous portons \u00e0 la connaissance des utilisateurs et visiteurs du site marathondelarochelle.com les informations suivantes : Nom de la Soci\u00e9t\u00e9 : Marathon de La Rochelle Serge [&hellip;]<\/p>\n","protected":false},"author":1,"featured_media":0,"parent":0,"menu_order":0,"comment_status":"closed","ping_status":"closed","template":"elementor_header_footer","meta":{"footnotes":""},"categories":[],"tags":[],"class_list":["post-12191","page","type-page","status-publish","hentry"],"featured_image_src":null,"_links":{"self":[{"href":"https:\/\/marathondelarochelle.com\/en\/wp-json\/wp\/v2\/pages\/12191","targetHints":{"allow":["GET"]}}],"collection":[{"href":"https:\/\/marathondelarochelle.com\/en\/wp-json\/wp\/v2\/pages"}],"about":[{"href":"https:\/\/marathondelarochelle.com\/en\/wp-json\/wp\/v2\/types\/page"}],"author":[{"embeddable":true,"href":"https:\/\/marathondelarochelle.com\/en\/wp-json\/wp\/v2\/users\/1"}],"replies":[{"embeddable":true,"href":"https:\/\/marathondelarochelle.com\/en\/wp-json\/wp\/v2\/comments?post=12191"}],"version-history":[{"count":0,"href":"https:\/\/marathondelarochelle.com\/en\/wp-json\/wp\/v2\/pages\/12191\/revisions"}],"wp:attachment":[{"href":"https:\/\/marathondelarochelle.com\/en\/wp-json\/wp\/v2\/media?parent=12191"}],"wp:term":[{"taxonomy":"category","embeddable":true,"href":"https:\/\/marathondelarochelle.com\/en\/wp-json\/wp\/v2\/categories?post=12191"},{"taxonomy":"post_tag","embeddable":true,"href":"https:\/\/marathondelarochelle.com\/en\/wp-json\/wp\/v2\/tags?post=12191"}],"curies":[{"name":"wp","href":"https:\/\/api.w.org\/{rel}","templated":true}]}}