{"id":11014,"date":"2022-03-04T09:03:42","date_gmt":"2022-03-04T08:03:42","guid":{"rendered":"https:\/\/marathondelarochelle.com\/?page_id=11014"},"modified":"2023-02-23T15:12:41","modified_gmt":"2023-02-23T14:12:41","slug":"plan-du-site","status":"publish","type":"page","link":"https:\/\/marathondelarochelle.com\/en\/plan-du-site\/","title":{"rendered":"Plan du site"},"content":{"rendered":"\t\t<div data-elementor-type=\"wp-page\" data-elementor-id=\"11014\" class=\"elementor elementor-11014\" data-elementor-post-type=\"page\">\n\t\t\t\t\t\t<section class=\"elementor-section elementor-top-section elementor-element elementor-element-4aea90c elementor-section-boxed elementor-section-height-default elementor-section-height-default\" data-id=\"4aea90c\" data-element_type=\"section\" data-e-type=\"section\" data-settings=\"{&quot;jet_parallax_layout_list&quot;:[{&quot;jet_parallax_layout_image&quot;:{&quot;url&quot;:&quot;&quot;,&quot;id&quot;:&quot;&quot;,&quot;size&quot;:&quot;&quot;},&quot;_id&quot;:&quot;e7c930d&quot;,&quot;jet_parallax_layout_image_tablet&quot;:{&quot;url&quot;:&quot;&quot;,&quot;id&quot;:&quot;&quot;,&quot;size&quot;:&quot;&quot;},&quot;jet_parallax_layout_image_mobile&quot;:{&quot;url&quot;:&quot;&quot;,&quot;id&quot;:&quot;&quot;,&quot;size&quot;:&quot;&quot;},&quot;jet_parallax_layout_speed&quot;:{&quot;unit&quot;:&quot;%&quot;,&quot;size&quot;:50,&quot;sizes&quot;:[]},&quot;jet_parallax_layout_type&quot;:&quot;scroll&quot;,&quot;jet_parallax_layout_direction&quot;:&quot;1&quot;,&quot;jet_parallax_layout_fx_direction&quot;:null,&quot;jet_parallax_layout_z_index&quot;:&quot;&quot;,&quot;jet_parallax_layout_bg_x&quot;:50,&quot;jet_parallax_layout_bg_x_tablet&quot;:&quot;&quot;,&quot;jet_parallax_layout_bg_x_mobile&quot;:&quot;&quot;,&quot;jet_parallax_layout_bg_y&quot;:50,&quot;jet_parallax_layout_bg_y_tablet&quot;:&quot;&quot;,&quot;jet_parallax_layout_bg_y_mobile&quot;:&quot;&quot;,&quot;jet_parallax_layout_bg_size&quot;:&quot;auto&quot;,&quot;jet_parallax_layout_bg_size_tablet&quot;:&quot;&quot;,&quot;jet_parallax_layout_bg_size_mobile&quot;:&quot;&quot;,&quot;jet_parallax_layout_animation_prop&quot;:&quot;transform&quot;,&quot;jet_parallax_layout_on&quot;:[&quot;desktop&quot;,&quot;tablet&quot;]}]}\">\n\t\t\t\t\t\t<div class=\"elementor-container elementor-column-gap-default\">\n\t\t\t\t\t<div class=\"elementor-column elementor-col-100 elementor-top-column elementor-element elementor-element-fef9024\" data-id=\"fef9024\" data-element_type=\"column\" data-e-type=\"column\">\n\t\t\t<div class=\"elementor-widget-wrap elementor-element-populated\">\n\t\t\t\t\t\t<div class=\"elementor-element elementor-element-dfb23c4 elementor-widget elementor-widget-html\" data-id=\"dfb23c4\" data-element_type=\"widget\" data-e-type=\"widget\" data-widget_type=\"html.default\">\n\t\t\t\t<div class=\"elementor-widget-container\">\n\t\t\t\t\t<div class=\"wsp-container\"><h2 class=\"wsp-pages-title\">Pages<\/h2>\n<ul class=\"wsp-pages-list\">\n<li class=\"page_item page-item-25771\"><a href=\"https:\/\/marathondelarochelle.com\/en\/10km-informations-2\/\">10km &#8211; Informations<\/a><\/li>\n<li class=\"page_item page-item-24429\"><a href=\"https:\/\/marathondelarochelle.com\/en\/10km-sommaire\/\">10km &#8211; Sommaire<\/a><\/li>\n<li class=\"page_item page-item-3081\"><a href=\"https:\/\/marathondelarochelle.com\/en\/acces\/\">Acc\u00e8s<\/a><\/li>\n<li class=\"page_item page-item-24103\"><a href=\"https:\/\/marathondelarochelle.com\/en\/\">Accueil &#8211; Marathon de La Rochelle Serge Vigot<\/a><\/li>\n<li class=\"page_item page-item-23903\"><a href=\"https:\/\/marathondelarochelle.com\/en\/all_helpie_faq_page\/\">All FAQs (Helpie FAQ)<\/a><\/li>\n<li class=\"page_item page-item-3096\"><a href=\"https:\/\/marathondelarochelle.com\/en\/benevoles\/\">B\u00e9n\u00e9voles<\/a><\/li>\n<li class=\"page_item page-item-25775\"><a href=\"https:\/\/marathondelarochelle.com\/en\/challenge-entreprises-informations-2\/\">Challenge Entreprises &#8211; Informations<\/a><\/li>\n<li class=\"page_item page-item-24759\"><a href=\"https:\/\/marathondelarochelle.com\/en\/challenge-entreprises-sommaire\/\">Challenge Entreprises &#8211; Sommaire<\/a><\/li>\n<li class=\"page_item page-item-25049\"><a href=\"https:\/\/marathondelarochelle.com\/en\/chauffe-gambettes-sommaire\/\">Chauffe-Gambettes &#8211; Sommaire<\/a><\/li>\n<li class=\"page_item page-item-24505\"><a href=\"https:\/\/marathondelarochelle.com\/en\/duo-sommaire\/\">Duo &#8211; Sommaire<\/a><\/li>\n<li class=\"page_item page-item-14660\"><a href=\"https:\/\/marathondelarochelle.com\/en\/edito\/\">Edito<\/a><\/li>\n<li class=\"page_item page-item-23885\"><a href=\"https:\/\/marathondelarochelle.com\/en\/faq-marathon-de-la-rochelle-serge-vigot\/\">FAQ Marathon de La Rochelle Serge Vigot<\/a><\/li>\n<li class=\"page_item page-item-25789\"><a href=\"https:\/\/marathondelarochelle.com\/en\/handisport-informations-2\/\">Handisport &#8211; Informations<\/a><\/li>\n<li class=\"page_item page-item-24764\"><a href=\"https:\/\/marathondelarochelle.com\/en\/handisport-sommaire\/\">Handisport &#8211; Sommaire<\/a><\/li>\n<li class=\"page_item page-item-2987\"><a href=\"https:\/\/marathondelarochelle.com\/en\/hebergement\/\">H\u00e9bergement<\/a><\/li>\n<li class=\"page_item page-item-23900\"><a href=\"https:\/\/marathondelarochelle.com\/en\/helpie_faq_page\/\">Helpie FAQ &#8211; Group Sample<\/a><\/li>\n<li class=\"page_item page-item-3166\"><a href=\"https:\/\/marathondelarochelle.com\/en\/lassociation\/\">Historique<\/a><\/li>\n<li class=\"page_item page-item-19684\"><a href=\"https:\/\/marathondelarochelle.com\/en\/la-newsletter-du-marathon\/\">La Newsletter du Marathon<\/a><\/li>\n<li class=\"page_item page-item-3025\"><a href=\"https:\/\/marathondelarochelle.com\/en\/le-village\/\">Le village<\/a><\/li>\n<li class=\"page_item page-item-12239\"><a href=\"https:\/\/marathondelarochelle.com\/en\/le-blog-2\/\">le-blog<\/a><\/li>\n<li class=\"page_item page-item-25650\"><a href=\"https:\/\/marathondelarochelle.com\/en\/marathon-informations-2\/\">Marathon &#8211; Informations<\/a><\/li>\n<li class=\"page_item page-item-24062\"><a href=\"https:\/\/marathondelarochelle.com\/en\/marathon-sommaire\/\">Marathon &#8211; Sommaire<\/a><\/li>\n<li class=\"page_item page-item-25773\"><a href=\"https:\/\/marathondelarochelle.com\/en\/marathon-duo-informations\/\">Marathon Duo &#8211; Informations<\/a><\/li>\n<li class=\"page_item page-item-3062\"><a href=\"https:\/\/marathondelarochelle.com\/en\/marathon-propre\/\">Marathon Eco-responsable<\/a><\/li>\n<li class=\"page_item page-item-12191\"><a href=\"https:\/\/marathondelarochelle.com\/en\/mentions-legales\/\">Mentions l\u00e9gales<\/a><\/li>\n<li class=\"page_item page-item-20767\"><a href=\"https:\/\/marathondelarochelle.com\/en\/navettes-pr\/\">Navettes P+R<\/a><\/li>\n<li class=\"page_item page-item-25825\"><a href=\"https:\/\/marathondelarochelle.com\/en\/options\/\">Options<\/a><\/li>\n<li class=\"page_item page-item-313 current_page_parent\"><a href=\"https:\/\/marathondelarochelle.com\/en\/page-articles\/\">page-articles<\/a><\/li>\n<li class=\"page_item page-item-2844\"><a href=\"https:\/\/marathondelarochelle.com\/en\/palmares-resultats\/\">Palmar\u00e8s &#038; R\u00e9sultats<\/a><\/li>\n<li class=\"page_item page-item-3102\"><a href=\"https:\/\/marathondelarochelle.com\/en\/partenaires\/\">Partenaires<\/a><\/li>\n<li class=\"page_item page-item-11014\"><a href=\"https:\/\/marathondelarochelle.com\/en\/plan-du-site\/\">Plan du site<\/a><\/li>\n<li class=\"page_item page-item-16182\"><a href=\"https:\/\/marathondelarochelle.com\/en\/plan-et-exposants\/\">Plan et exposants<\/a><\/li>\n<li class=\"page_item page-item-23352\"><a href=\"https:\/\/marathondelarochelle.com\/en\/plan-village\/\">Plan Village<\/a><\/li>\n<li class=\"page_item page-item-12202\"><a href=\"https:\/\/marathondelarochelle.com\/en\/politique-de-confidentialite\/\">Politique de confidentialit\u00e9<\/a><\/li>\n<li class=\"page_item page-item-3071\"><a href=\"https:\/\/marathondelarochelle.com\/en\/elementor-3071\/\">Remise des prix<\/a><\/li>\n<li class=\"page_item page-item-3090\"><a href=\"https:\/\/marathondelarochelle.com\/en\/tourisme\/\">Tourisme<\/a><\/li>\n<li class=\"page_item page-item-20369\"><a href=\"https:\/\/marathondelarochelle.com\/en\/elementor-20369\/\">Transports \u00c9co-Responsable<\/a><\/li>\n<li class=\"page_item page-item-23016\"><a href=\"https:\/\/marathondelarochelle.com\/en\/venir-au-marathon-autrement\/\">Venir au Marathon Autrement<\/a><\/li>\n<\/ul>\n<h2 class=\"wsp-helpie_faqs-title\">FAQs<\/h2>\n<ul class=\"wsp-helpie_faqs-list\">\n<li><a href=\"https:\/\/marathondelarochelle.com\/en\/helpie_faq\/comment-mentrainer-pour-la-course\/\">Comment m'entrainer pour la course ?<\/a><\/li>\n<li><a href=\"https:\/\/marathondelarochelle.com\/en\/helpie_faq\/ou-se-loger-durant-son-sejour-a-la-rochelle\/\">O\u00f9 se loger durant son s\u00e9jour \u00e0 La Rochelle ?<\/a><\/li>\n<li><a href=\"https:\/\/marathondelarochelle.com\/en\/helpie_faq\/ou-consulter-mon-classement-et-mon-temps\/\">O\u00f9 consulter mon classement et mon temps ?<\/a><\/li>\n<li><a href=\"https:\/\/marathondelarochelle.com\/en\/helpie_faq\/a-quelle-heure-je-dois-etre-pret-dans-mon-sas-de-depart\/\">A quelle heure je dois \u00eatre pr\u00eat dans mon SAS de d\u00e9part ?<\/a><\/li>\n<li><a href=\"https:\/\/marathondelarochelle.com\/en\/helpie_faq\/ou-sont-positionnees-les-toilettes\/\">O\u00f9 sont positionn\u00e9es les toilettes ?<\/a><\/li>\n<li><a href=\"https:\/\/marathondelarochelle.com\/en\/helpie_faq\/toggle-title-2\/\">Profil du parcours<\/a><\/li>\n<li><a href=\"https:\/\/marathondelarochelle.com\/en\/helpie_faq\/ou-a-lieu-larrivee-des-courses\/\">O\u00f9 a lieu l'arriv\u00e9e des courses ?<\/a><\/li>\n<li><a href=\"https:\/\/marathondelarochelle.com\/en\/helpie_faq\/toggle-title\/\">Les poussettes et les jo\u00eblettes sont elles autoris\u00e9es  ?<\/a><\/li>\n<li><a href=\"https:\/\/marathondelarochelle.com\/en\/helpie_faq\/comment-regler-mon-inscription\/\">Comment r\u00e9gler mon inscription ?<\/a><\/li>\n<li><a href=\"https:\/\/marathondelarochelle.com\/en\/helpie_faq\/quels-sont-les-lots-pour-les-finishers\/\">Quels sont les lots pour les finishers ?<\/a><\/li>\n<li><a href=\"https:\/\/marathondelarochelle.com\/en\/helpie_faq\/puis-je-annuler-mon-inscription\/\">Puis-je annuler mon inscription ?<\/a><\/li>\n<li><a href=\"https:\/\/marathondelarochelle.com\/en\/helpie_faq\/quest-ce-qui-est-inclus-dans-mon-inscription\/\">Qu'est ce qui est inclus dans mon inscription ?<\/a><\/li>\n<li><a href=\"https:\/\/marathondelarochelle.com\/en\/helpie_faq\/comment-modifier-mon-inscription\/\">Comment modifier mon inscription ?<\/a><\/li>\n<li><a href=\"https:\/\/marathondelarochelle.com\/en\/helpie_faq\/puis-je-revendre-ou-ceder-mon-dossard-a-un-tiers\/\">Puis-je revendre ou c\u00e9der mon dossard \u00e0 un tiers ?<\/a><\/li>\n<li><a href=\"https:\/\/marathondelarochelle.com\/en\/helpie_faq\/quest-ce-que-la-pasta-party\/\">Qu'est ce que la Pasta Party ?<\/a><\/li>\n<li><a href=\"https:\/\/marathondelarochelle.com\/en\/helpie_faq\/organisation-des-relais-duo-et-challenge-entreprises\/\">Organisation des relais Duo et Challenge Entreprises<\/a><\/li>\n<li><a href=\"https:\/\/marathondelarochelle.com\/en\/helpie_faq\/est-til-possible-de-suivre-un-coureur-en-direct\/\">Est-t'il possible de suivre un coureur en direct ?<\/a><\/li>\n<li><a href=\"https:\/\/marathondelarochelle.com\/en\/helpie_faq\/quel-est-le-temps-de-course-maximum\/\">Temps de course maximum<\/a><\/li>\n<li><a href=\"https:\/\/marathondelarochelle.com\/en\/helpie_faq\/puis-je-courir-avec-mes-ecouteurs\/\">Puis-je courir avec mes \u00e9couteurs ?<\/a><\/li>\n<li><a href=\"https:\/\/marathondelarochelle.com\/en\/helpie_faq\/peut-on-accompagner-un-coureur-sur-une-partie-du-parcours\/\">Peut-on accompagner un coureur sur une partie du parcours ?<\/a><\/li>\n<li><a href=\"https:\/\/marathondelarochelle.com\/en\/helpie_faq\/comment-placer-mon-dossard\/\">Comment placer mon dossard ?<\/a><\/li>\n<li><a href=\"https:\/\/marathondelarochelle.com\/en\/helpie_faq\/y-a-til-un-pole-medical\/\">Y-a-t'il un p\u00f4le m\u00e9dical ?<\/a><\/li>\n<li><a href=\"https:\/\/marathondelarochelle.com\/en\/helpie_faq\/points-de-rencontre-avec-les-accompagnateurs\/\">Points de rencontre avec les accompagnateurs<\/a><\/li>\n<li><a href=\"https:\/\/marathondelarochelle.com\/en\/helpie_faq\/y-a-til-des-vestiaires-mis-a-disposition\/\">Y-a-t'il des vestiaires mis \u00e0 disposition ?<\/a><\/li>\n<li><a href=\"https:\/\/marathondelarochelle.com\/en\/helpie_faq\/acces-aux-tribunes-darrivee\/\">Acc\u00e8s aux tribunes d'arriv\u00e9e<\/a><\/li>\n<li><a href=\"https:\/\/marathondelarochelle.com\/en\/helpie_faq\/organisation-des-ravitaillements\/\">Organisation des ravitaillements<\/a><\/li>\n<li><a href=\"https:\/\/marathondelarochelle.com\/en\/helpie_faq\/age-dinscription-aux-differentes-epreuves\/\">\u00c2ge d'inscription aux diff\u00e9rentes \u00e9preuves<\/a><\/li>\n<li><a href=\"https:\/\/marathondelarochelle.com\/en\/helpie_faq\/ou-puis-je-prendre-une-douche-apres-la-course\/\">O\u00f9 puis-je prendre une douche apr\u00e8s la course ?<\/a><\/li>\n<li><a href=\"https:\/\/marathondelarochelle.com\/en\/helpie_faq\/organisation-des-relais-challenge-entreprises\/\">Organisation des relais Challenge Entreprises<\/a><\/li>\n<li><a href=\"https:\/\/marathondelarochelle.com\/en\/helpie_faq\/comment-modifier-lordre-de-relais-duo\/\">Modifier l'ordre de relais Duo<\/a><\/li>\n<li><a href=\"https:\/\/marathondelarochelle.com\/en\/helpie_faq\/comment-retirer-mon-dossard\/\">Comment r\u00e9cup\u00e9rer mon dossard ?<\/a><\/li>\n<li><a href=\"https:\/\/marathondelarochelle.com\/en\/helpie_faq\/a-quelle-heure-et-ou-est-le-depart-de-la-course\/\">Heure et lieu de d\u00e9part de la course<\/a><\/li>\n<li><a href=\"https:\/\/marathondelarochelle.com\/en\/helpie_faq\/comment-effectuer-son-parcours-prevention-sante-pps\/\">Effectuer son Pass Pr\u00e9vention Sant\u00e9 (PPS) ?<\/a><\/li>\n<li><a href=\"https:\/\/marathondelarochelle.com\/en\/helpie_faq\/comment-sont-definis-les-sas-de-departs\/\">Comment sont d\u00e9finis les SAS de d\u00e9parts ?<\/a><\/li>\n<li><a href=\"https:\/\/marathondelarochelle.com\/en\/helpie_faq\/ou-sont-positionnes-les-meneurs-dallure\/\">O\u00f9 sont positionn\u00e9s les meneurs d'allure ?<\/a><\/li>\n<li><a href=\"https:\/\/marathondelarochelle.com\/en\/helpie_faq\/qui-est-serge-vigot\/\">Qui est Serge Vigot ?<\/a><\/li>\n<li><a href=\"https:\/\/marathondelarochelle.com\/en\/helpie_faq\/ou-consulter-le-plan-du-parcours\/\">O\u00f9 consulter le plan du parcours ?<\/a><\/li>\n<li><a href=\"https:\/\/marathondelarochelle.com\/en\/helpie_faq\/a-quelle-date-aura-lieu-le-35eme-marathon-de-la-rochelle-serge-vigot\/\">A quelle date aura lieu le 35\u00e8me Marathon de La Rochelle Serge Vigot ?<\/a><\/li>\n<li><a href=\"https:\/\/marathondelarochelle.com\/en\/helpie_faq\/simple-faq-2\/\">Simple FAQ - 2<\/a><\/li>\n<li><a href=\"https:\/\/marathondelarochelle.com\/en\/helpie_faq\/simple-faq\/\">Simple FAQ<\/a><\/li>\n<li><a href=\"https:\/\/marathondelarochelle.com\/en\/helpie_faq\/your-first-faq-question\/\">Comment changer de SAS de d\u00e9part ?<\/a><\/li>\n<\/ul>\n<h2 class=\"wsp-helpie_faq_categorys-title\">FAQ Categories<\/h2>\n<ul class=\"wsp-helpie_faq_categorys-list\">\n<li><a href=\"https:\/\/marathondelarochelle.com\/en\/helpie_faq_category\/divers\/\">Divers<\/a><\/li>\n<li><a href=\"https:\/\/marathondelarochelle.com\/en\/helpie_faq_category\/inscription\/\">Inscription<\/a><\/li>\n<li><a href=\"https:\/\/marathondelarochelle.com\/en\/helpie_faq_category\/weekend-marathon\/\">Weekend Marathon<\/a><\/li>\n<\/ul>\n<h2 class=\"wsp-helpie_faq_groups-title\">FAQ Groups<\/h2>\n<ul class=\"wsp-helpie_faq_groups-list\">\n<li><a href=\"https:\/\/marathondelarochelle.com\/en\/helpie_faq_group\/getting-started\/\">FAQ Marathon de La Rochelle Serge Vigot<\/a><\/li>\n<\/ul>\n<\/div>\n\t\t\t\t<\/div>\n\t\t\t\t<\/div>\n\t\t\t\t\t<\/div>\n\t\t<\/div>\n\t\t\t\t\t<\/div>\n\t\t<\/section>\n\t\t\t\t<\/div>\n\t\t","protected":false},"excerpt":{"rendered":"","protected":false},"author":1,"featured_media":0,"parent":0,"menu_order":0,"comment_status":"closed","ping_status":"closed","template":"elementor_header_footer","meta":{"footnotes":""},"categories":[],"tags":[],"class_list":["post-11014","page","type-page","status-publish","hentry"],"featured_image_src":null,"_links":{"self":[{"href":"https:\/\/marathondelarochelle.com\/en\/wp-json\/wp\/v2\/pages\/11014","targetHints":{"allow":["GET"]}}],"collection":[{"href":"https:\/\/marathondelarochelle.com\/en\/wp-json\/wp\/v2\/pages"}],"about":[{"href":"https:\/\/marathondelarochelle.com\/en\/wp-json\/wp\/v2\/types\/page"}],"author":[{"embeddable":true,"href":"https:\/\/marathondelarochelle.com\/en\/wp-json\/wp\/v2\/users\/1"}],"replies":[{"embeddable":true,"href":"https:\/\/marathondelarochelle.com\/en\/wp-json\/wp\/v2\/comments?post=11014"}],"version-history":[{"count":0,"href":"https:\/\/marathondelarochelle.com\/en\/wp-json\/wp\/v2\/pages\/11014\/revisions"}],"wp:attachment":[{"href":"https:\/\/marathondelarochelle.com\/en\/wp-json\/wp\/v2\/media?parent=11014"}],"wp:term":[{"taxonomy":"category","embeddable":true,"href":"https:\/\/marathondelarochelle.com\/en\/wp-json\/wp\/v2\/categories?post=11014"},{"taxonomy":"post_tag","embeddable":true,"href":"https:\/\/marathondelarochelle.com\/en\/wp-json\/wp\/v2\/tags?post=11014"}],"curies":[{"name":"wp","href":"https:\/\/api.w.org\/{rel}","templated":true}]}}